{"id":9690,"date":"2024-05-10T04:26:07","date_gmt":"2024-05-10T04:26:07","guid":{"rendered":"https:\/\/localhagiang.com\/tjekliste-over-hvad-du-skal-medbringe\/"},"modified":"2024-05-10T04:47:36","modified_gmt":"2024-05-10T04:47:36","slug":"tjekliste-over-hvad-du-skal-medbringe","status":"publish","type":"page","link":"https:\/\/localhagiang.com\/da\/tjekliste-over-hvad-du-skal-medbringe\/","title":{"rendered":"Tjekliste over, hvad du skal medbringe"},"content":{"rendered":"\t\t<div data-elementor-type=\"wp-page\" data-elementor-id=\"9690\" class=\"elementor elementor-9690 elementor-9239\" data-elementor-post-type=\"page\">\n\t\t\t\t\t\t<section class=\"elementor-section elementor-top-section elementor-element elementor-element-99429c9 elementor-section-boxed elementor-section-height-default elementor-section-height-default\" data-id=\"99429c9\" data-element_type=\"section\" data-e-type=\"section\">\n\t\t\t\t\t\t<div class=\"elementor-container elementor-column-gap-default\">\n\t\t\t\t\t<div class=\"elementor-column elementor-col-50 elementor-top-column elementor-element elementor-element-13ba208\" data-id=\"13ba208\" data-element_type=\"column\" data-e-type=\"column\">\n\t\t\t<div class=\"elementor-widget-wrap elementor-element-populated\">\n\t\t\t\t\t\t<div class=\"elementor-element elementor-element-2b5c47e elementor-widget elementor-widget-heading\" data-id=\"2b5c47e\" data-element_type=\"widget\" data-e-type=\"widget\" data-widget_type=\"heading.default\">\n\t\t\t\t<div class=\"elementor-widget-container\">\n\t\t\t\t\t<h1 class=\"elementor-heading-title elementor-size-default\">Hvad du skal medbringe og forberede<\/h1>\t\t\t\t<\/div>\n\t\t\t\t<\/div>\n\t\t\t\t<div class=\"elementor-element elementor-element-4f96431 elementor-widget elementor-widget-text-editor\" data-id=\"4f96431\" data-element_type=\"widget\" data-e-type=\"widget\" data-widget_type=\"text-editor.default\">\n\t\t\t\t<div class=\"elementor-widget-container\">\n\t\t\t\t\t\t\t\t\t<p>Forbered dig p\u00e5 en uforglemmelig rejse gennem Ha Giangs fantastiske landskaber. Denne guide er designet til at hj\u00e6lpe dig med at pakke og forberede dig effektivt, s\u00e5 du f\u00e5r en behagelig og berigende oplevelse p\u00e5 din tur.<\/p>\n\t\t\t\t\t\t\t\t<\/div>\n\t\t\t\t<\/div>\n\t\t\t\t<div class=\"elementor-element elementor-element-da90f22 elementor-widget elementor-widget-heading\" data-id=\"da90f22\" data-element_type=\"widget\" data-e-type=\"widget\" data-widget_type=\"heading.default\">\n\t\t\t\t<div class=\"elementor-widget-container\">\n\t\t\t\t\t<h2 class=\"elementor-heading-title elementor-size-default\">1. Forberedelse af bagage<\/h2>\t\t\t\t<\/div>\n\t\t\t\t<\/div>\n\t\t\t\t<div class=\"elementor-element elementor-element-0b99f09 elementor-widget elementor-widget-heading\" data-id=\"0b99f09\" data-element_type=\"widget\" data-e-type=\"widget\" data-widget_type=\"heading.default\">\n\t\t\t\t<div class=\"elementor-widget-container\">\n\t\t\t\t\t<h3 class=\"elementor-heading-title elementor-size-default\">Rundvisning i bil:<\/h3>\t\t\t\t<\/div>\n\t\t\t\t<\/div>\n\t\t\t\t<div class=\"elementor-element elementor-element-21abce0 elementor-widget elementor-widget-text-editor\" data-id=\"21abce0\" data-element_type=\"widget\" data-e-type=\"widget\" data-widget_type=\"text-editor.default\">\n\t\t\t\t<div class=\"elementor-widget-container\">\n\t\t\t\t\t\t\t\t\t<ul>\n<li>Du er velkommen til at tage al din bagage med. Du kan eventuelt efterlade nogle i Ha Giang eller Hanoi for nemheds skyld.<\/li>\n<\/ul>\n\t\t\t\t\t\t\t\t<\/div>\n\t\t\t\t<\/div>\n\t\t\t\t<div class=\"elementor-element elementor-element-fd78286 elementor-widget elementor-widget-heading\" data-id=\"fd78286\" data-element_type=\"widget\" data-e-type=\"widget\" data-widget_type=\"heading.default\">\n\t\t\t\t<div class=\"elementor-widget-container\">\n\t\t\t\t\t<h3 class=\"elementor-heading-title elementor-size-default\">Tur p\u00e5 motorcykel (Easy Rider):\n\n<\/h3>\t\t\t\t<\/div>\n\t\t\t\t<\/div>\n\t\t\t\t<div class=\"elementor-element elementor-element-63229e3 elementor-widget elementor-widget-text-editor\" data-id=\"63229e3\" data-element_type=\"widget\" data-e-type=\"widget\" data-widget_type=\"text-editor.default\">\n\t\t\t\t<div class=\"elementor-widget-container\">\n\t\t\t\t\t\t\t\t\t<ul>\n<li>Rygs\u00e6kke og mindre kufferter kan sp\u00e6ndes sikkert fast p\u00e5 motorcyklen.<\/li>\n<li>Stor bagage kan opbevares p\u00e5 vores anl\u00e6g i Ha Giang uden ekstra omkostninger.<\/li>\n<li>Opbevar de vigtigste ting i en lille rygs\u00e6k eller taske, s\u00e5 du har nem adgang til dem i l\u00f8bet af dagen.<\/li>\n<\/ul>\n\t\t\t\t\t\t\t\t<\/div>\n\t\t\t\t<\/div>\n\t\t\t\t<div class=\"elementor-element elementor-element-6c6c55f elementor-widget elementor-widget-heading\" data-id=\"6c6c55f\" data-element_type=\"widget\" data-e-type=\"widget\" data-widget_type=\"heading.default\">\n\t\t\t\t<div class=\"elementor-widget-container\">\n\t\t\t\t\t<h2 class=\"elementor-heading-title elementor-size-default\">2. Vigtige tips<\/h2>\t\t\t\t<\/div>\n\t\t\t\t<\/div>\n\t\t\t\t<div class=\"elementor-element elementor-element-528122d elementor-widget elementor-widget-heading\" data-id=\"528122d\" data-element_type=\"widget\" data-e-type=\"widget\" data-widget_type=\"heading.default\">\n\t\t\t\t<div class=\"elementor-widget-container\">\n\t\t\t\t\t<h3 class=\"elementor-heading-title elementor-size-default\">WiFi og internet:\n\n<\/h3>\t\t\t\t<\/div>\n\t\t\t\t<\/div>\n\t\t\t\t<div class=\"elementor-element elementor-element-abeb2cf elementor-widget elementor-widget-text-editor\" data-id=\"abeb2cf\" data-element_type=\"widget\" data-e-type=\"widget\" data-widget_type=\"text-editor.default\">\n\t\t\t\t<div class=\"elementor-widget-container\">\n\t\t\t\t\t\t\t\t\t<ul>\n<li>WiFi er tilg\u00e6ngeligt i alle standardindkvartering, medmindre du v\u00e6lger en meget enkel Homestay. Vores guider tager sig af navigation og kommunikation, hvilket g\u00f8r konstant internetadgang un\u00f8dvendig. Det anbefales dog at k\u00f8be et lokalt SIM-kort i Hanoi, helst fra Viettel, hvis man \u00f8nsker kontinuerlig forbindelse.<\/li>\n<\/ul>\n\t\t\t\t\t\t\t\t<\/div>\n\t\t\t\t<\/div>\n\t\t\t\t<div class=\"elementor-element elementor-element-3c51ca7 elementor-widget elementor-widget-heading\" data-id=\"3c51ca7\" data-element_type=\"widget\" data-e-type=\"widget\" data-widget_type=\"heading.default\">\n\t\t\t\t<div class=\"elementor-widget-container\">\n\t\t\t\t\t<h3 class=\"elementor-heading-title elementor-size-default\">Opladning af enheder:\n\n<\/h3>\t\t\t\t<\/div>\n\t\t\t\t<\/div>\n\t\t\t\t<div class=\"elementor-element elementor-element-1ef2f96 elementor-widget elementor-widget-text-editor\" data-id=\"1ef2f96\" data-element_type=\"widget\" data-e-type=\"widget\" data-widget_type=\"text-editor.default\">\n\t\t\t\t<div class=\"elementor-widget-container\">\n\t\t\t\t\t\t\t\t\t<ul>\n<li>Oplad kameraer, telefoner og andre enheder hver nat p\u00e5 dit overnatningssted. Alle v\u00e6relser er udstyret med stikkontakter, der er kompatible med to-polede stik, b\u00e5de flade og runde. Tjek, om du har brug for en adapter til dine enheder.<\/li>\n<\/ul>\n\t\t\t\t\t\t\t\t<\/div>\n\t\t\t\t<\/div>\n\t\t\t\t<div class=\"elementor-element elementor-element-67c22b5 elementor-widget elementor-widget-heading\" data-id=\"67c22b5\" data-element_type=\"widget\" data-e-type=\"widget\" data-widget_type=\"heading.default\">\n\t\t\t\t<div class=\"elementor-widget-container\">\n\t\t\t\t\t<h3 class=\"elementor-heading-title elementor-size-default\">Bookingbekr\u00e6ftelser:\n\n<\/h3>\t\t\t\t<\/div>\n\t\t\t\t<\/div>\n\t\t\t\t<div class=\"elementor-element elementor-element-65053d0 elementor-widget elementor-widget-text-editor\" data-id=\"65053d0\" data-element_type=\"widget\" data-e-type=\"widget\" data-widget_type=\"text-editor.default\">\n\t\t\t\t<div class=\"elementor-widget-container\">\n\t\t\t\t\t\t\t\t\t<ul>\n<li>I overensstemmelse med vores engagement i b\u00e6redygtighed kr\u00e6ver vi ikke trykte vouchers eller bookingbekr\u00e6ftelser. Alle n\u00f8dvendige oplysninger kommunikeres direkte til vores guider og overnatningssteder.<\/li>\n<\/ul>\n\t\t\t\t\t\t\t\t<\/div>\n\t\t\t\t<\/div>\n\t\t\t\t<div class=\"elementor-element elementor-element-c6f3571 elementor-widget elementor-widget-heading\" data-id=\"c6f3571\" data-element_type=\"widget\" data-e-type=\"widget\" data-widget_type=\"heading.default\">\n\t\t\t\t<div class=\"elementor-widget-container\">\n\t\t\t\t\t<h3 class=\"elementor-heading-title elementor-size-default\">Kontanter:<\/h3>\t\t\t\t<\/div>\n\t\t\t\t<\/div>\n\t\t\t\t<div class=\"elementor-element elementor-element-6114f48 elementor-widget elementor-widget-text-editor\" data-id=\"6114f48\" data-element_type=\"widget\" data-e-type=\"widget\" data-widget_type=\"text-editor.default\">\n\t\t\t\t<div class=\"elementor-widget-container\">\n\t\t\t\t\t\t\t\t\t<ul>\n<li>Selv om din tur inkluderer m\u00e5ltider, indkvartering og vigtige tjenester, er det tilr\u00e5deligt at have kontanter med til sm\u00e5 personlige indk\u00f8b som snacks og drikkevarer. Kreditkortfaciliteter er sj\u00e6ldne, og h\u00e6veautomater er sj\u00e6ldne langs loopen.<\/li>\n<\/ul>\n\t\t\t\t\t\t\t\t<\/div>\n\t\t\t\t<\/div>\n\t\t\t\t<div class=\"elementor-element elementor-element-15a1744 elementor-widget elementor-widget-heading\" data-id=\"15a1744\" data-element_type=\"widget\" data-e-type=\"widget\" data-widget_type=\"heading.default\">\n\t\t\t\t<div class=\"elementor-widget-container\">\n\t\t\t\t\t<h3 class=\"elementor-heading-title elementor-size-default\">Drikkepenge:<\/h3>\t\t\t\t<\/div>\n\t\t\t\t<\/div>\n\t\t\t\t<div class=\"elementor-element elementor-element-5c155c2 elementor-widget elementor-widget-text-editor\" data-id=\"5c155c2\" data-element_type=\"widget\" data-e-type=\"widget\" data-widget_type=\"text-editor.default\">\n\t\t\t\t<div class=\"elementor-widget-container\">\n\t\t\t\t\t\t\t\t\t<ul>\n<li>Drikkepenge er helt frivilligt og ikke en standardpraksis i den vietnamesiske kultur. Men hvis du er tilfreds med servicen, er drikkepenge meget velkomne:\n<ul>\n<li>Guide til 1 dag: 200.000 VND<\/li>\n<li>3+ dages guide: 500.000 VND<\/li>\n<\/ul>\n<\/li>\n<\/ul>\n\t\t\t\t\t\t\t\t<\/div>\n\t\t\t\t<\/div>\n\t\t\t\t<div class=\"elementor-element elementor-element-f251594 elementor-widget elementor-widget-heading\" data-id=\"f251594\" data-element_type=\"widget\" data-e-type=\"widget\" data-widget_type=\"heading.default\">\n\t\t\t\t<div class=\"elementor-widget-container\">\n\t\t\t\t\t<h3 class=\"elementor-heading-title elementor-size-default\">Mad:<\/h3>\t\t\t\t<\/div>\n\t\t\t\t<\/div>\n\t\t\t\t<div class=\"elementor-element elementor-element-f567422 elementor-widget elementor-widget-text-editor\" data-id=\"f567422\" data-element_type=\"widget\" data-e-type=\"widget\" data-widget_type=\"text-editor.default\">\n\t\t\t\t<div class=\"elementor-widget-container\">\n\t\t\t\t\t\t\t\t\t<p>Alle m\u00e5ltider er inkluderet i din rejsepakke. Informer os venligst om eventuelle kostrestriktioner eller allergier p\u00e5 forh\u00e5nd, s\u00e5 vi kan im\u00f8dekomme dine behov. Daglige stop i byer som Ha Giang, Dong Van og Meo Vac er ideelle til at k\u00f8be snacks.<\/p>\n\t\t\t\t\t\t\t\t<\/div>\n\t\t\t\t<\/div>\n\t\t\t\t<div class=\"elementor-element elementor-element-5b90744 elementor-widget elementor-widget-heading\" data-id=\"5b90744\" data-element_type=\"widget\" data-e-type=\"widget\" data-widget_type=\"heading.default\">\n\t\t\t\t<div class=\"elementor-widget-container\">\n\t\t\t\t\t<h3 class=\"elementor-heading-title elementor-size-default\">Sikkerhedsudstyr:<\/h3>\t\t\t\t<\/div>\n\t\t\t\t<\/div>\n\t\t\t\t<div class=\"elementor-element elementor-element-88fea43 elementor-widget elementor-widget-text-editor\" data-id=\"88fea43\" data-element_type=\"widget\" data-e-type=\"widget\" data-widget_type=\"text-editor.default\">\n\t\t\t\t<div class=\"elementor-widget-container\">\n\t\t\t\t\t\t\t\t\t<p>For at beskytte dig (n\u00e5r du tager turen p\u00e5 motorcykel), udleverer vi obligatoriske hjelme samt ekstra beskyttelse til arme og ben uden ekstra omkostninger.<\/p>\n\t\t\t\t\t\t\t\t<\/div>\n\t\t\t\t<\/div>\n\t\t\t\t<div class=\"elementor-element elementor-element-c5f6b8b elementor-widget elementor-widget-heading\" data-id=\"c5f6b8b\" data-element_type=\"widget\" data-e-type=\"widget\" data-widget_type=\"heading.default\">\n\t\t\t\t<div class=\"elementor-widget-container\">\n\t\t\t\t\t<h2 class=\"elementor-heading-title elementor-size-default\">3. Hvad du skal have p\u00e5<\/h2>\t\t\t\t<\/div>\n\t\t\t\t<\/div>\n\t\t\t\t<div class=\"elementor-element elementor-element-af3f8f0 elementor-widget elementor-widget-text-editor\" data-id=\"af3f8f0\" data-element_type=\"widget\" data-e-type=\"widget\" data-widget_type=\"text-editor.default\">\n\t\t\t\t<div class=\"elementor-widget-container\">\n\t\t\t\t\t\t\t\t\t<ul>\n<li><strong>Lag p\u00e5 lag:<\/strong> I Ha Giang kan vejrforholdene skifte hurtigt &#8211; fra varmt i solrige dale til k\u00f8ligt i h\u00f8jtliggende bjergomr\u00e5der og fra t\u00f8rre til v\u00e5de omgivelser, n\u00e5r du krydser forskellige terr\u00e6ner. Ved at b\u00e6re lag p\u00e5 lag kan du nemt tilpasse dig og bevare komforten under hele rejsen, uanset det skiftende klima.<\/li>\n<li><strong>Vindjakke:<\/strong> En letv\u00e6gtsjakke, der beskytter mod b\u00e5de vind og regn, er uundv\u00e6rlig, selv p\u00e5 varmere dage, hvor h\u00f8je h\u00f8jder kan give k\u00f8ligere vejr.<\/li>\n<li><strong>T\u00f8j:<\/strong> S\u00f8rg for at have tilstr\u00e6kkeligt med t\u00f8j, der passer til klimaet og de planlagte aktiviteter, f.eks. korte vandreture eller cykelture.<\/li>\n<li><strong>Sko:<\/strong> Behagelige vandresko anbefales. Lange vandreture er ikke en del af rejseplanen, men turen inkluderer vandring gennem landsbyer og lokale markeder.<\/li>\n<li><strong>Solbeskyttelse:<\/strong> Vi anbefaler, at du medbringer solcreme, solbriller og en hat som beskyttelse mod den st\u00e6rke sol, is\u00e6r i h\u00f8jderne.<\/li>\n<\/ul>\n\t\t\t\t\t\t\t\t<\/div>\n\t\t\t\t<\/div>\n\t\t\t\t<div class=\"elementor-element elementor-element-50ff275 elementor-widget elementor-widget-heading\" data-id=\"50ff275\" data-element_type=\"widget\" data-e-type=\"widget\" data-widget_type=\"heading.default\">\n\t\t\t\t<div class=\"elementor-widget-container\">\n\t\t\t\t\t<h2 class=\"elementor-heading-title elementor-size-default\">4. Andre vigtige ting\n<\/h2>\t\t\t\t<\/div>\n\t\t\t\t<\/div>\n\t\t\t\t<div class=\"elementor-element elementor-element-da7cd06 elementor-widget elementor-widget-heading\" data-id=\"da7cd06\" data-element_type=\"widget\" data-e-type=\"widget\" data-widget_type=\"heading.default\">\n\t\t\t\t<div class=\"elementor-widget-container\">\n\t\t\t\t\t<h3 class=\"elementor-heading-title elementor-size-default\">Dokumenter:<\/h3>\t\t\t\t<\/div>\n\t\t\t\t<\/div>\n\t\t\t\t<div class=\"elementor-element elementor-element-d933aea elementor-widget elementor-widget-text-editor\" data-id=\"d933aea\" data-element_type=\"widget\" data-e-type=\"widget\" data-widget_type=\"text-editor.default\">\n\t\t\t\t<div class=\"elementor-widget-container\">\n\t\t\t\t\t\t\t\t\t<ul>\n<li>Hav altid dit pas i et vandt\u00e6t etui. Det er p\u00e5kr\u00e6vet ved registrering af indkvartering og n\u00f8dvendigt p\u00e5 motorcykelture for at sikre, at al din dokumentation er sikker.<\/li>\n<\/ul>\n\t\t\t\t\t\t\t\t<\/div>\n\t\t\t\t<\/div>\n\t\t\t\t<div class=\"elementor-element elementor-element-9538721 elementor-widget elementor-widget-heading\" data-id=\"9538721\" data-element_type=\"widget\" data-e-type=\"widget\" data-widget_type=\"heading.default\">\n\t\t\t\t<div class=\"elementor-widget-container\">\n\t\t\t\t\t<h3 class=\"elementor-heading-title elementor-size-default\">Elektronik:<\/h3>\t\t\t\t<\/div>\n\t\t\t\t<\/div>\n\t\t\t\t<div class=\"elementor-element elementor-element-4549a15 elementor-widget elementor-widget-text-editor\" data-id=\"4549a15\" data-element_type=\"widget\" data-e-type=\"widget\" data-widget_type=\"text-editor.default\">\n\t\t\t\t<div class=\"elementor-widget-container\">\n\t\t\t\t\t\t\t\t\t<ul>\n<li>Hav dit kamera ved h\u00e5nden; ruten byder p\u00e5 utallige spontane fotomuligheder. Beskyt den med et vandt\u00e6t etui eller en taske.<\/li>\n<li>Overvej at tage ekstra batterier med, da opladningsmulighederne kun er tilg\u00e6ngelige om natten. Tjek, om du har brug for en str\u00f8madapter til vietnamesiske stikkontakter.<\/li>\n<\/ul>\n\t\t\t\t\t\t\t\t<\/div>\n\t\t\t\t<\/div>\n\t\t\t\t<div class=\"elementor-element elementor-element-cdd10e7 elementor-widget elementor-widget-heading\" data-id=\"cdd10e7\" data-element_type=\"widget\" data-e-type=\"widget\" data-widget_type=\"heading.default\">\n\t\t\t\t<div class=\"elementor-widget-container\">\n\t\t\t\t\t<h3 class=\"elementor-heading-title elementor-size-default\">Medicin<\/h3>\t\t\t\t<\/div>\n\t\t\t\t<\/div>\n\t\t\t\t<div class=\"elementor-element elementor-element-03f5097 elementor-widget elementor-widget-text-editor\" data-id=\"03f5097\" data-element_type=\"widget\" data-e-type=\"widget\" data-widget_type=\"text-editor.default\">\n\t\t\t\t<div class=\"elementor-widget-container\">\n\t\t\t\t\t\t\t\t\t<ul>\n<li><strong>Medicin<\/strong>: Medbring eventuel personlig medicin i tilstr\u00e6kkelige m\u00e6ngder til hele rejsen.<\/li>\n<li><strong>Insektafvisende middel:<\/strong> S\u00e6rligt vigtigt i regntiden for at beskytte mod myg.<\/li>\n<\/ul>\n\t\t\t\t\t\t\t\t<\/div>\n\t\t\t\t<\/div>\n\t\t\t\t\t<\/div>\n\t\t<\/div>\n\t\t\t\t<div class=\"elementor-column elementor-col-50 elementor-top-column elementor-element elementor-element-84d2c81\" data-id=\"84d2c81\" data-element_type=\"column\" data-e-type=\"column\">\n\t\t\t<div class=\"elementor-widget-wrap elementor-element-populated\">\n\t\t\t\t\t\t<div class=\"elementor-element elementor-element-8ec747d elementor-toc--minimized-on-tablet elementor-widget elementor-widget-table-of-contents\" data-id=\"8ec747d\" data-element_type=\"widget\" data-e-type=\"widget\" data-settings=\"{&quot;headings_by_tags&quot;:[&quot;h2&quot;],&quot;exclude_headings_by_selector&quot;:[],&quot;marker_view&quot;:&quot;bullets&quot;,&quot;icon&quot;:{&quot;value&quot;:&quot;fas fa-angle-right&quot;,&quot;library&quot;:&quot;fa-solid&quot;},&quot;sticky&quot;:&quot;top&quot;,&quot;sticky_offset&quot;:100,&quot;sticky_parent&quot;:&quot;yes&quot;,&quot;no_headings_message&quot;:&quot;Der blev ikke fundet nogen overskrifter p\\u00e5 denne side.&quot;,&quot;minimize_box&quot;:&quot;yes&quot;,&quot;minimized_on&quot;:&quot;tablet&quot;,&quot;hierarchical_view&quot;:&quot;yes&quot;,&quot;min_height&quot;:{&quot;unit&quot;:&quot;px&quot;,&quot;size&quot;:&quot;&quot;,&quot;sizes&quot;:[]},&quot;min_height_tablet&quot;:{&quot;unit&quot;:&quot;px&quot;,&quot;size&quot;:&quot;&quot;,&quot;sizes&quot;:[]},&quot;min_height_mobile&quot;:{&quot;unit&quot;:&quot;px&quot;,&quot;size&quot;:&quot;&quot;,&quot;sizes&quot;:[]},&quot;sticky_on&quot;:[&quot;desktop&quot;,&quot;tablet&quot;,&quot;mobile&quot;],&quot;sticky_effects_offset&quot;:0,&quot;sticky_anchor_link_offset&quot;:0}\" data-widget_type=\"table-of-contents.default\">\n\t\t\t\t<div class=\"elementor-widget-container\">\n\t\t\t\t\t\t\t\t\t<div class=\"elementor-toc__header\">\n\t\t\t\t\t\t<h4 class=\"elementor-toc__header-title\">\n\t\t\t\tIndholdsfortegnelse\t\t\t<\/h4>\n\t\t\t\t\t\t\t\t\t\t<div class=\"elementor-toc__toggle-button elementor-toc__toggle-button--expand\" role=\"button\" tabindex=\"0\" aria-controls=\"elementor-toc__8ec747d\" aria-expanded=\"true\" aria-label=\"Open table of contents\"><i aria-hidden=\"true\" class=\"fas fa-chevron-down\"><\/i><\/div>\n\t\t\t\t<div class=\"elementor-toc__toggle-button elementor-toc__toggle-button--collapse\" role=\"button\" tabindex=\"0\" aria-controls=\"elementor-toc__8ec747d\" aria-expanded=\"true\" aria-label=\"Close table of contents\"><i aria-hidden=\"true\" class=\"fas fa-chevron-up\"><\/i><\/div>\n\t\t\t\t\t<\/div>\n\t\t\t\t<div id=\"elementor-toc__8ec747d\" class=\"elementor-toc__body\">\n\t\t\t<div class=\"elementor-toc__spinner-container\">\n\t\t\t\t<i class=\"elementor-toc__spinner eicon-animation-spin eicon-loading\" aria-hidden=\"true\"><\/i>\t\t\t<\/div>\n\t\t<\/div>\n\t\t\t\t\t\t<\/div>\n\t\t\t\t<\/div>\n\t\t\t\t\t<\/div>\n\t\t<\/div>\n\t\t\t\t\t<\/div>\n\t\t<\/section>\n\t\t\t\t<\/div>\n\t\t","protected":false},"excerpt":{"rendered":"<p>Hvad du skal medbringe og forberede Forbered dig p\u00e5 en uforglemmelig rejse gennem Ha Giangs fantastiske landskaber. Denne guide er designet til at hj\u00e6lpe dig med at pakke og forberede dig effektivt, s\u00e5 du f\u00e5r en behagelig og berigende oplevelse p\u00e5 din tur. 1. Forberedelse af bagage Rundvisning i bil: Du er velkommen til at [&hellip;]<\/p>\n","protected":false},"author":1,"featured_media":0,"parent":0,"menu_order":0,"comment_status":"closed","ping_status":"closed","template":"","meta":{"site-sidebar-layout":"no-sidebar","site-content-layout":"page-builder","ast-site-content-layout":"full-width-container","site-content-style":"default","site-sidebar-style":"default","ast-global-header-display":"","ast-banner-title-visibility":"","ast-main-header-display":"","ast-hfb-above-header-display":"","ast-hfb-below-header-display":"","ast-hfb-mobile-header-display":"","site-post-title":"disabled","ast-breadcrumbs-content":"","ast-featured-img":"disabled","footer-sml-layout":"","ast-disable-related-posts":"","theme-transparent-header-meta":"","adv-header-id-meta":"","stick-header-meta":"","header-above-stick-meta":"","header-main-stick-meta":"","header-below-stick-meta":"","astra-migrate-meta-layouts":"default","ast-page-background-enabled":"default","ast-page-background-meta":{"desktop":{"background-color":"var(--ast-global-color-4)","background-image":"","background-repeat":"repeat","background-position":"center center","background-size":"auto","background-attachment":"scroll","background-type":"","background-media":"","overlay-type":"","overlay-color":"","overlay-opacity":"","overlay-gradient":""},"tablet":{"background-color":"","background-image":"","background-repeat":"repeat","background-position":"center center","background-size":"auto","background-attachment":"scroll","background-type":"","background-media":"","overlay-type":"","overlay-color":"","overlay-opacity":"","overlay-gradient":""},"mobile":{"background-color":"","background-image":"","background-repeat":"repeat","background-position":"center center","background-size":"auto","background-attachment":"scroll","background-type":"","background-media":"","overlay-type":"","overlay-color":"","overlay-opacity":"","overlay-gradient":""}},"ast-content-background-meta":{"desktop":{"background-color":"var(--ast-global-color-5)","background-image":"","background-repeat":"repeat","background-position":"center center","background-size":"auto","background-attachment":"scroll","background-type":"","background-media":"","overlay-type":"","overlay-color":"","overlay-opacity":"","overlay-gradient":""},"tablet":{"background-color":"var(--ast-global-color-5)","background-image":"","background-repeat":"repeat","background-position":"center center","background-size":"auto","background-attachment":"scroll","background-type":"","background-media":"","overlay-type":"","overlay-color":"","overlay-opacity":"","overlay-gradient":""},"mobile":{"background-color":"var(--ast-global-color-5)","background-image":"","background-repeat":"repeat","background-position":"center center","background-size":"auto","background-attachment":"scroll","background-type":"","background-media":"","overlay-type":"","overlay-color":"","overlay-opacity":"","overlay-gradient":""}},"footnotes":""},"class_list":["post-9690","page","type-page","status-publish","hentry"],"_links":{"self":[{"href":"https:\/\/localhagiang.com\/da\/wp-json\/wp\/v2\/pages\/9690","targetHints":{"allow":["GET"]}}],"collection":[{"href":"https:\/\/localhagiang.com\/da\/wp-json\/wp\/v2\/pages"}],"about":[{"href":"https:\/\/localhagiang.com\/da\/wp-json\/wp\/v2\/types\/page"}],"author":[{"embeddable":true,"href":"https:\/\/localhagiang.com\/da\/wp-json\/wp\/v2\/users\/1"}],"replies":[{"embeddable":true,"href":"https:\/\/localhagiang.com\/da\/wp-json\/wp\/v2\/comments?post=9690"}],"version-history":[{"count":2,"href":"https:\/\/localhagiang.com\/da\/wp-json\/wp\/v2\/pages\/9690\/revisions"}],"predecessor-version":[{"id":9717,"href":"https:\/\/localhagiang.com\/da\/wp-json\/wp\/v2\/pages\/9690\/revisions\/9717"}],"wp:attachment":[{"href":"https:\/\/localhagiang.com\/da\/wp-json\/wp\/v2\/media?parent=9690"}],"curies":[{"name":"wp","href":"https:\/\/api.w.org\/{rel}","templated":true}]}}