{"id":9721,"date":"2024-05-10T04:26:07","date_gmt":"2024-05-10T04:26:07","guid":{"rendered":"https:\/\/localhagiang.com\/checkliste-was-du-mitbringen-solltest\/"},"modified":"2024-05-10T04:47:36","modified_gmt":"2024-05-10T04:47:36","slug":"checkliste-was-du-mitbringen-solltest","status":"publish","type":"page","link":"https:\/\/localhagiang.com\/de\/checkliste-was-du-mitbringen-solltest\/","title":{"rendered":"Checkliste, was du mitbringen solltest"},"content":{"rendered":"\t\t<div data-elementor-type=\"wp-page\" data-elementor-id=\"9721\" class=\"elementor elementor-9721 elementor-9239\" data-elementor-post-type=\"page\">\n\t\t\t\t\t\t<section class=\"elementor-section elementor-top-section elementor-element elementor-element-99429c9 elementor-section-boxed elementor-section-height-default elementor-section-height-default\" data-id=\"99429c9\" data-element_type=\"section\" data-e-type=\"section\">\n\t\t\t\t\t\t<div class=\"elementor-container elementor-column-gap-default\">\n\t\t\t\t\t<div class=\"elementor-column elementor-col-50 elementor-top-column elementor-element elementor-element-13ba208\" data-id=\"13ba208\" data-element_type=\"column\" data-e-type=\"column\">\n\t\t\t<div class=\"elementor-widget-wrap elementor-element-populated\">\n\t\t\t\t\t\t<div class=\"elementor-element elementor-element-2b5c47e elementor-widget elementor-widget-heading\" data-id=\"2b5c47e\" data-element_type=\"widget\" data-e-type=\"widget\" data-widget_type=\"heading.default\">\n\t\t\t\t<div class=\"elementor-widget-container\">\n\t\t\t\t\t<h1 class=\"elementor-heading-title elementor-size-default\">Was du mitbringen und vorbereiten solltest<\/h1>\t\t\t\t<\/div>\n\t\t\t\t<\/div>\n\t\t\t\t<div class=\"elementor-element elementor-element-4f96431 elementor-widget elementor-widget-text-editor\" data-id=\"4f96431\" data-element_type=\"widget\" data-e-type=\"widget\" data-widget_type=\"text-editor.default\">\n\t\t\t\t<div class=\"elementor-widget-container\">\n\t\t\t\t\t\t\t\t\t<p>Mach dich bereit f\u00fcr eine unvergessliche Reise durch die atemberaubenden Landschaften von Ha Giang. Dieser Leitfaden soll dir dabei helfen, deine Sachen zu packen und dich gut vorzubereiten, damit du eine angenehme und bereichernde Erfahrung w\u00e4hrend deiner Tour machst.<\/p>\n\t\t\t\t\t\t\t\t<\/div>\n\t\t\t\t<\/div>\n\t\t\t\t<div class=\"elementor-element elementor-element-da90f22 elementor-widget elementor-widget-heading\" data-id=\"da90f22\" data-element_type=\"widget\" data-e-type=\"widget\" data-widget_type=\"heading.default\">\n\t\t\t\t<div class=\"elementor-widget-container\">\n\t\t\t\t\t<h2 class=\"elementor-heading-title elementor-size-default\">1. Vorbereitung des Gep\u00e4cks<\/h2>\t\t\t\t<\/div>\n\t\t\t\t<\/div>\n\t\t\t\t<div class=\"elementor-element elementor-element-0b99f09 elementor-widget elementor-widget-heading\" data-id=\"0b99f09\" data-element_type=\"widget\" data-e-type=\"widget\" data-widget_type=\"heading.default\">\n\t\t\t\t<div class=\"elementor-widget-container\">\n\t\t\t\t\t<h3 class=\"elementor-heading-title elementor-size-default\">Autotour:<\/h3>\t\t\t\t<\/div>\n\t\t\t\t<\/div>\n\t\t\t\t<div class=\"elementor-element elementor-element-21abce0 elementor-widget elementor-widget-text-editor\" data-id=\"21abce0\" data-element_type=\"widget\" data-e-type=\"widget\" data-widget_type=\"text-editor.default\">\n\t\t\t\t<div class=\"elementor-widget-container\">\n\t\t\t\t\t\t\t\t\t<ul>\n<li>Du kannst dein ganzes Gep\u00e4ck mitbringen. Optional kannst du auch etwas in Ha Giang oder Hanoi zur\u00fccklassen, um es bequemer zu haben.<\/li>\n<\/ul>\n\t\t\t\t\t\t\t\t<\/div>\n\t\t\t\t<\/div>\n\t\t\t\t<div class=\"elementor-element elementor-element-fd78286 elementor-widget elementor-widget-heading\" data-id=\"fd78286\" data-element_type=\"widget\" data-e-type=\"widget\" data-widget_type=\"heading.default\">\n\t\t\t\t<div class=\"elementor-widget-container\">\n\t\t\t\t\t<h3 class=\"elementor-heading-title elementor-size-default\">Motorbike (Easy Rider) Tour:\n\n<\/h3>\t\t\t\t<\/div>\n\t\t\t\t<\/div>\n\t\t\t\t<div class=\"elementor-element elementor-element-63229e3 elementor-widget elementor-widget-text-editor\" data-id=\"63229e3\" data-element_type=\"widget\" data-e-type=\"widget\" data-widget_type=\"text-editor.default\">\n\t\t\t\t<div class=\"elementor-widget-container\">\n\t\t\t\t\t\t\t\t\t<ul>\n<li>Rucks\u00e4cke und kleinere Koffer k\u00f6nnen sicher am Motorrad befestigt werden.<\/li>\n<li>Gro\u00dfes Gep\u00e4ck sollte in unserer Einrichtung in Ha Giang ohne zus\u00e4tzliche Kosten gelagert werden.<\/li>\n<li>Bewahre das N\u00f6tigste in einem kleinen Rucksack oder einer Tasche auf, damit du den ganzen Tag \u00fcber leicht darauf zugreifen kannst.<\/li>\n<\/ul>\n\t\t\t\t\t\t\t\t<\/div>\n\t\t\t\t<\/div>\n\t\t\t\t<div class=\"elementor-element elementor-element-6c6c55f elementor-widget elementor-widget-heading\" data-id=\"6c6c55f\" data-element_type=\"widget\" data-e-type=\"widget\" data-widget_type=\"heading.default\">\n\t\t\t\t<div class=\"elementor-widget-container\">\n\t\t\t\t\t<h2 class=\"elementor-heading-title elementor-size-default\">2. Wesentliche Tipps<\/h2>\t\t\t\t<\/div>\n\t\t\t\t<\/div>\n\t\t\t\t<div class=\"elementor-element elementor-element-528122d elementor-widget elementor-widget-heading\" data-id=\"528122d\" data-element_type=\"widget\" data-e-type=\"widget\" data-widget_type=\"heading.default\">\n\t\t\t\t<div class=\"elementor-widget-container\">\n\t\t\t\t\t<h3 class=\"elementor-heading-title elementor-size-default\">WiFi &amp; Internet:\n\n<\/h3>\t\t\t\t<\/div>\n\t\t\t\t<\/div>\n\t\t\t\t<div class=\"elementor-element elementor-element-abeb2cf elementor-widget elementor-widget-text-editor\" data-id=\"abeb2cf\" data-element_type=\"widget\" data-e-type=\"widget\" data-widget_type=\"text-editor.default\">\n\t\t\t\t<div class=\"elementor-widget-container\">\n\t\t\t\t\t\t\t\t\t<ul>\n<li>WiFi ist in allen Standardunterk\u00fcnften verf\u00fcgbar, es sei denn, du entscheidest dich f\u00fcr ein sehr einfaches Homestay. Unsere Guides k\u00fcmmern sich um die Navigation und die Kommunikation, sodass ein st\u00e4ndiger Internetzugang nicht n\u00f6tig ist. Es empfiehlt sich jedoch, eine lokale SIM-Karte in Hanoi zu kaufen, vorzugsweise von Viettel, wenn du eine st\u00e4ndige Verbindung haben m\u00f6chtest.<\/li>\n<\/ul>\n\t\t\t\t\t\t\t\t<\/div>\n\t\t\t\t<\/div>\n\t\t\t\t<div class=\"elementor-element elementor-element-3c51ca7 elementor-widget elementor-widget-heading\" data-id=\"3c51ca7\" data-element_type=\"widget\" data-e-type=\"widget\" data-widget_type=\"heading.default\">\n\t\t\t\t<div class=\"elementor-widget-container\">\n\t\t\t\t\t<h3 class=\"elementor-heading-title elementor-size-default\">Ger\u00e4te aufladen:\n\n<\/h3>\t\t\t\t<\/div>\n\t\t\t\t<\/div>\n\t\t\t\t<div class=\"elementor-element elementor-element-1ef2f96 elementor-widget elementor-widget-text-editor\" data-id=\"1ef2f96\" data-element_type=\"widget\" data-e-type=\"widget\" data-widget_type=\"text-editor.default\">\n\t\t\t\t<div class=\"elementor-widget-container\">\n\t\t\t\t\t\t\t\t\t<ul>\n<li>Lade Kameras, Telefone und andere Ger\u00e4te nachts in deiner Unterkunft auf. Alle Zimmer sind mit Steckdosen ausgestattet, die mit zweipoligen Steckern kompatibel sind, sowohl flach als auch rund. Pr\u00fcfe, ob du einen Adapter f\u00fcr deine Ger\u00e4te brauchst.<\/li>\n<\/ul>\n\t\t\t\t\t\t\t\t<\/div>\n\t\t\t\t<\/div>\n\t\t\t\t<div class=\"elementor-element elementor-element-67c22b5 elementor-widget elementor-widget-heading\" data-id=\"67c22b5\" data-element_type=\"widget\" data-e-type=\"widget\" data-widget_type=\"heading.default\">\n\t\t\t\t<div class=\"elementor-widget-container\">\n\t\t\t\t\t<h3 class=\"elementor-heading-title elementor-size-default\">Buchungsbest\u00e4tigungen:\n\n<\/h3>\t\t\t\t<\/div>\n\t\t\t\t<\/div>\n\t\t\t\t<div class=\"elementor-element elementor-element-65053d0 elementor-widget elementor-widget-text-editor\" data-id=\"65053d0\" data-element_type=\"widget\" data-e-type=\"widget\" data-widget_type=\"text-editor.default\">\n\t\t\t\t<div class=\"elementor-widget-container\">\n\t\t\t\t\t\t\t\t\t<ul>\n<li>Im Einklang mit unserem Engagement f\u00fcr Nachhaltigkeit ben\u00f6tigen wir keine gedruckten Gutscheine oder Buchungsbest\u00e4tigungen. Alle notwendigen Informationen werden direkt an unsere Guides und Unterk\u00fcnfte weitergeleitet.<\/li>\n<\/ul>\n\t\t\t\t\t\t\t\t<\/div>\n\t\t\t\t<\/div>\n\t\t\t\t<div class=\"elementor-element elementor-element-c6f3571 elementor-widget elementor-widget-heading\" data-id=\"c6f3571\" data-element_type=\"widget\" data-e-type=\"widget\" data-widget_type=\"heading.default\">\n\t\t\t\t<div class=\"elementor-widget-container\">\n\t\t\t\t\t<h3 class=\"elementor-heading-title elementor-size-default\">Bargeld:<\/h3>\t\t\t\t<\/div>\n\t\t\t\t<\/div>\n\t\t\t\t<div class=\"elementor-element elementor-element-6114f48 elementor-widget elementor-widget-text-editor\" data-id=\"6114f48\" data-element_type=\"widget\" data-e-type=\"widget\" data-widget_type=\"text-editor.default\">\n\t\t\t\t<div class=\"elementor-widget-container\">\n\t\t\t\t\t\t\t\t\t<ul>\n<li>Obwohl deine Tour Mahlzeiten, Unterkunft und wichtige Dienstleistungen beinhaltet, ist es ratsam, Bargeld f\u00fcr kleine pers\u00f6nliche Eink\u00e4ufe wie Snacks und Getr\u00e4nke mitzunehmen. Kreditkarteneinrichtungen sind rar und Geldautomaten gibt es entlang des Loops nur selten.<\/li>\n<\/ul>\n\t\t\t\t\t\t\t\t<\/div>\n\t\t\t\t<\/div>\n\t\t\t\t<div class=\"elementor-element elementor-element-15a1744 elementor-widget elementor-widget-heading\" data-id=\"15a1744\" data-element_type=\"widget\" data-e-type=\"widget\" data-widget_type=\"heading.default\">\n\t\t\t\t<div class=\"elementor-widget-container\">\n\t\t\t\t\t<h3 class=\"elementor-heading-title elementor-size-default\">Trinkgeld:<\/h3>\t\t\t\t<\/div>\n\t\t\t\t<\/div>\n\t\t\t\t<div class=\"elementor-element elementor-element-5c155c2 elementor-widget elementor-widget-text-editor\" data-id=\"5c155c2\" data-element_type=\"widget\" data-e-type=\"widget\" data-widget_type=\"text-editor.default\">\n\t\t\t\t<div class=\"elementor-widget-container\">\n\t\t\t\t\t\t\t\t\t<ul>\n<li>Trinkgeld ist v\u00f6llig freiwillig und in der vietnamesischen Kultur nicht \u00fcblich. Wenn du jedoch mit dem Service zufrieden bist, sind Trinkgelder sehr willkommen:\n<ul>\n<li>1-Tages-F\u00fchrer: 200.000 VND<\/li>\n<li>3+ Tage F\u00fchrer: 500.000 VND<\/li>\n<\/ul>\n<\/li>\n<\/ul>\n\t\t\t\t\t\t\t\t<\/div>\n\t\t\t\t<\/div>\n\t\t\t\t<div class=\"elementor-element elementor-element-f251594 elementor-widget elementor-widget-heading\" data-id=\"f251594\" data-element_type=\"widget\" data-e-type=\"widget\" data-widget_type=\"heading.default\">\n\t\t\t\t<div class=\"elementor-widget-container\">\n\t\t\t\t\t<h3 class=\"elementor-heading-title elementor-size-default\">Essen:<\/h3>\t\t\t\t<\/div>\n\t\t\t\t<\/div>\n\t\t\t\t<div class=\"elementor-element elementor-element-f567422 elementor-widget elementor-widget-text-editor\" data-id=\"f567422\" data-element_type=\"widget\" data-e-type=\"widget\" data-widget_type=\"text-editor.default\">\n\t\t\t\t<div class=\"elementor-widget-container\">\n\t\t\t\t\t\t\t\t\t<p>Alle Mahlzeiten sind in deinem Tourpaket enthalten. Bitte informiere uns im Voraus \u00fcber alle di\u00e4tetischen Einschr\u00e4nkungen oder Allergien, damit wir uns auf deine Bed\u00fcrfnisse einstellen k\u00f6nnen. T\u00e4gliche Zwischenstopps in St\u00e4dten wie Ha Giang, Dong Van und Meo Vac sind ideal, um sich mit Snacks zu versorgen.<\/p>\n\t\t\t\t\t\t\t\t<\/div>\n\t\t\t\t<\/div>\n\t\t\t\t<div class=\"elementor-element elementor-element-5b90744 elementor-widget elementor-widget-heading\" data-id=\"5b90744\" data-element_type=\"widget\" data-e-type=\"widget\" data-widget_type=\"heading.default\">\n\t\t\t\t<div class=\"elementor-widget-container\">\n\t\t\t\t\t<h3 class=\"elementor-heading-title elementor-size-default\">Sicherheitsausr\u00fcstung:<\/h3>\t\t\t\t<\/div>\n\t\t\t\t<\/div>\n\t\t\t\t<div class=\"elementor-element elementor-element-88fea43 elementor-widget elementor-widget-text-editor\" data-id=\"88fea43\" data-element_type=\"widget\" data-e-type=\"widget\" data-widget_type=\"text-editor.default\">\n\t\t\t\t<div class=\"elementor-widget-container\">\n\t\t\t\t\t\t\t\t\t<p>Zu deinem Schutz (wenn du die Tour mit dem Motorrad machst) stellen wir dir die obligatorischen Helme sowie zus\u00e4tzlichen Arm- und Beinschutz ohne Aufpreis zur Verf\u00fcgung.<\/p>\n\t\t\t\t\t\t\t\t<\/div>\n\t\t\t\t<\/div>\n\t\t\t\t<div class=\"elementor-element elementor-element-c5f6b8b elementor-widget elementor-widget-heading\" data-id=\"c5f6b8b\" data-element_type=\"widget\" data-e-type=\"widget\" data-widget_type=\"heading.default\">\n\t\t\t\t<div class=\"elementor-widget-container\">\n\t\t\t\t\t<h2 class=\"elementor-heading-title elementor-size-default\">3. Was du anziehen sollst<\/h2>\t\t\t\t<\/div>\n\t\t\t\t<\/div>\n\t\t\t\t<div class=\"elementor-element elementor-element-af3f8f0 elementor-widget elementor-widget-text-editor\" data-id=\"af3f8f0\" data-element_type=\"widget\" data-e-type=\"widget\" data-widget_type=\"text-editor.default\">\n\t\t\t\t<div class=\"elementor-widget-container\">\n\t\t\t\t\t\t\t\t\t<ul>\n<li><strong>Schichten:<\/strong> In Ha Giang k\u00f6nnen sich die Wetterbedingungen schnell \u00e4ndern &#8211; von warm in den sonnigen T\u00e4lern zu k\u00fchl in den h\u00f6her gelegenen Bergregionen und von trockenen zu feuchten Umgebungen, wenn du durch unterschiedliches Terrain reist. Wenn du Schichten tr\u00e4gst, kannst du dich leicht anpassen und den Komfort w\u00e4hrend deiner Reise beibehalten, egal wie das Klima ist.<\/li>\n<li><strong>Windjacke:<\/strong> Eine leichte Jacke, die sowohl vor Wind als auch vor Regen sch\u00fctzt, ist unverzichtbar, auch an w\u00e4rmeren Tagen, wenn es in den H\u00f6henlagen k\u00fchler wird.<\/li>\n<li><strong>Kleidung:<\/strong> Achte darauf, dass du ausreichend Kleidung hast, die f\u00fcr das Klima und die geplanten Aktivit\u00e4ten wie kurze Wanderungen oder Fahrradtouren geeignet ist.<\/li>\n<li><strong>Schuhe:<\/strong> Bequeme Wanderschuhe werden empfohlen. Lange Wanderungen stehen zwar nicht auf dem Programm, aber die Tour beinhaltet Spazierg\u00e4nge durch D\u00f6rfer und lokale M\u00e4rkte.<\/li>\n<li><strong>Sonnenschutz:<\/strong> Wir empfehlen dir, Sonnencreme, Sonnenbrille und einen Hut mitzunehmen, um dich vor der starken Sonne zu sch\u00fctzen, besonders in h\u00f6heren Lagen.<\/li>\n<\/ul>\n\t\t\t\t\t\t\t\t<\/div>\n\t\t\t\t<\/div>\n\t\t\t\t<div class=\"elementor-element elementor-element-50ff275 elementor-widget elementor-widget-heading\" data-id=\"50ff275\" data-element_type=\"widget\" data-e-type=\"widget\" data-widget_type=\"heading.default\">\n\t\t\t\t<div class=\"elementor-widget-container\">\n\t\t\t\t\t<h2 class=\"elementor-heading-title elementor-size-default\">4. Andere wichtige Dinge\n<\/h2>\t\t\t\t<\/div>\n\t\t\t\t<\/div>\n\t\t\t\t<div class=\"elementor-element elementor-element-da7cd06 elementor-widget elementor-widget-heading\" data-id=\"da7cd06\" data-element_type=\"widget\" data-e-type=\"widget\" data-widget_type=\"heading.default\">\n\t\t\t\t<div class=\"elementor-widget-container\">\n\t\t\t\t\t<h3 class=\"elementor-heading-title elementor-size-default\">Dokumente:<\/h3>\t\t\t\t<\/div>\n\t\t\t\t<\/div>\n\t\t\t\t<div class=\"elementor-element elementor-element-d933aea elementor-widget elementor-widget-text-editor\" data-id=\"d933aea\" data-element_type=\"widget\" data-e-type=\"widget\" data-widget_type=\"text-editor.default\">\n\t\t\t\t<div class=\"elementor-widget-container\">\n\t\t\t\t\t\t\t\t\t<ul>\n<li>Trage deinen Reisepass immer in einer wasserdichten H\u00fclle. Sie wird f\u00fcr die Anmeldung der Unterkunft ben\u00f6tigt und ist auf Motorradtouren notwendig, um sicherzustellen, dass alle deine Unterlagen sicher sind.<\/li>\n<\/ul>\n\t\t\t\t\t\t\t\t<\/div>\n\t\t\t\t<\/div>\n\t\t\t\t<div class=\"elementor-element elementor-element-9538721 elementor-widget elementor-widget-heading\" data-id=\"9538721\" data-element_type=\"widget\" data-e-type=\"widget\" data-widget_type=\"heading.default\">\n\t\t\t\t<div class=\"elementor-widget-container\">\n\t\t\t\t\t<h3 class=\"elementor-heading-title elementor-size-default\">Elektronik:<\/h3>\t\t\t\t<\/div>\n\t\t\t\t<\/div>\n\t\t\t\t<div class=\"elementor-element elementor-element-4549a15 elementor-widget elementor-widget-text-editor\" data-id=\"4549a15\" data-element_type=\"widget\" data-e-type=\"widget\" data-widget_type=\"text-editor.default\">\n\t\t\t\t<div class=\"elementor-widget-container\">\n\t\t\t\t\t\t\t\t\t<ul>\n<li>Halte deine Kamera bereit, denn die Route bietet unz\u00e4hlige spontane Fotom\u00f6glichkeiten. Sch\u00fctze sie mit einer wasserdichten Tasche oder einem Beutel.<\/li>\n<li>Denke daran, Ersatzbatterien mitzunehmen, da Ladeoptionen nur \u00fcber Nacht verf\u00fcgbar sind. Pr\u00fcfe, ob du einen Stromadapter f\u00fcr vietnamesische Steckdosen brauchst.<\/li>\n<\/ul>\n\t\t\t\t\t\t\t\t<\/div>\n\t\t\t\t<\/div>\n\t\t\t\t<div class=\"elementor-element elementor-element-cdd10e7 elementor-widget elementor-widget-heading\" data-id=\"cdd10e7\" data-element_type=\"widget\" data-e-type=\"widget\" data-widget_type=\"heading.default\">\n\t\t\t\t<div class=\"elementor-widget-container\">\n\t\t\t\t\t<h3 class=\"elementor-heading-title elementor-size-default\">Medikamente<\/h3>\t\t\t\t<\/div>\n\t\t\t\t<\/div>\n\t\t\t\t<div class=\"elementor-element elementor-element-03f5097 elementor-widget elementor-widget-text-editor\" data-id=\"03f5097\" data-element_type=\"widget\" data-e-type=\"widget\" data-widget_type=\"text-editor.default\">\n\t\t\t\t<div class=\"elementor-widget-container\">\n\t\t\t\t\t\t\t\t\t<ul>\n<li><strong>Medikamente<\/strong>: Nimm alle pers\u00f6nlichen Medikamente in ausreichender Menge f\u00fcr die gesamte Reise mit.<\/li>\n<li><strong>Insektenschutzmittel:<\/strong> Besonders wichtig w\u00e4hrend der Regenzeit zum Schutz vor M\u00fccken.<\/li>\n<\/ul>\n\t\t\t\t\t\t\t\t<\/div>\n\t\t\t\t<\/div>\n\t\t\t\t\t<\/div>\n\t\t<\/div>\n\t\t\t\t<div class=\"elementor-column elementor-col-50 elementor-top-column elementor-element elementor-element-84d2c81\" data-id=\"84d2c81\" data-element_type=\"column\" data-e-type=\"column\">\n\t\t\t<div class=\"elementor-widget-wrap elementor-element-populated\">\n\t\t\t\t\t\t<div class=\"elementor-element elementor-element-8ec747d elementor-toc--minimized-on-tablet elementor-widget elementor-widget-table-of-contents\" data-id=\"8ec747d\" data-element_type=\"widget\" data-e-type=\"widget\" data-settings=\"{&quot;headings_by_tags&quot;:[&quot;h2&quot;],&quot;exclude_headings_by_selector&quot;:[],&quot;marker_view&quot;:&quot;bullets&quot;,&quot;icon&quot;:{&quot;value&quot;:&quot;fas fa-angle-right&quot;,&quot;library&quot;:&quot;fa-solid&quot;},&quot;sticky&quot;:&quot;top&quot;,&quot;sticky_offset&quot;:100,&quot;sticky_parent&quot;:&quot;yes&quot;,&quot;no_headings_message&quot;:&quot;Es wurden keine \\u00dcberschriften auf dieser Seite gefunden.&quot;,&quot;minimize_box&quot;:&quot;yes&quot;,&quot;minimized_on&quot;:&quot;tablet&quot;,&quot;hierarchical_view&quot;:&quot;yes&quot;,&quot;min_height&quot;:{&quot;unit&quot;:&quot;px&quot;,&quot;size&quot;:&quot;&quot;,&quot;sizes&quot;:[]},&quot;min_height_tablet&quot;:{&quot;unit&quot;:&quot;px&quot;,&quot;size&quot;:&quot;&quot;,&quot;sizes&quot;:[]},&quot;min_height_mobile&quot;:{&quot;unit&quot;:&quot;px&quot;,&quot;size&quot;:&quot;&quot;,&quot;sizes&quot;:[]},&quot;sticky_on&quot;:[&quot;desktop&quot;,&quot;tablet&quot;,&quot;mobile&quot;],&quot;sticky_effects_offset&quot;:0,&quot;sticky_anchor_link_offset&quot;:0}\" data-widget_type=\"table-of-contents.default\">\n\t\t\t\t<div class=\"elementor-widget-container\">\n\t\t\t\t\t\t\t\t\t<div class=\"elementor-toc__header\">\n\t\t\t\t\t\t<h4 class=\"elementor-toc__header-title\">\n\t\t\t\tInhaltsverzeichnis\t\t\t<\/h4>\n\t\t\t\t\t\t\t\t\t\t<div class=\"elementor-toc__toggle-button elementor-toc__toggle-button--expand\" role=\"button\" tabindex=\"0\" aria-controls=\"elementor-toc__8ec747d\" aria-expanded=\"true\" aria-label=\"Inhaltsverzeichnis \u00f6ffnen\"><i aria-hidden=\"true\" class=\"fas fa-chevron-down\"><\/i><\/div>\n\t\t\t\t<div class=\"elementor-toc__toggle-button elementor-toc__toggle-button--collapse\" role=\"button\" tabindex=\"0\" aria-controls=\"elementor-toc__8ec747d\" aria-expanded=\"true\" aria-label=\"Inhaltsverzeichnis schlie\u00dfen\"><i aria-hidden=\"true\" class=\"fas fa-chevron-up\"><\/i><\/div>\n\t\t\t\t\t<\/div>\n\t\t\t\t<div id=\"elementor-toc__8ec747d\" class=\"elementor-toc__body\">\n\t\t\t<div class=\"elementor-toc__spinner-container\">\n\t\t\t\t<i class=\"elementor-toc__spinner eicon-animation-spin eicon-loading\" aria-hidden=\"true\"><\/i>\t\t\t<\/div>\n\t\t<\/div>\n\t\t\t\t\t\t<\/div>\n\t\t\t\t<\/div>\n\t\t\t\t\t<\/div>\n\t\t<\/div>\n\t\t\t\t\t<\/div>\n\t\t<\/section>\n\t\t\t\t<\/div>\n\t\t","protected":false},"excerpt":{"rendered":"<p>Was du mitbringen und vorbereiten solltest Mach dich bereit f\u00fcr eine unvergessliche Reise durch die atemberaubenden Landschaften von Ha Giang. Dieser Leitfaden soll dir dabei helfen, deine Sachen zu packen und dich gut vorzubereiten, damit du eine angenehme und bereichernde Erfahrung w\u00e4hrend deiner Tour machst. 1. Vorbereitung des Gep\u00e4cks Autotour: Du kannst dein ganzes Gep\u00e4ck [&hellip;]<\/p>\n","protected":false},"author":1,"featured_media":0,"parent":0,"menu_order":0,"comment_status":"closed","ping_status":"closed","template":"","meta":{"site-sidebar-layout":"no-sidebar","site-content-layout":"page-builder","ast-site-content-layout":"full-width-container","site-content-style":"default","site-sidebar-style":"default","ast-global-header-display":"","ast-banner-title-visibility":"","ast-main-header-display":"","ast-hfb-above-header-display":"","ast-hfb-below-header-display":"","ast-hfb-mobile-header-display":"","site-post-title":"disabled","ast-breadcrumbs-content":"","ast-featured-img":"disabled","footer-sml-layout":"","ast-disable-related-posts":"","theme-transparent-header-meta":"","adv-header-id-meta":"","stick-header-meta":"","header-above-stick-meta":"","header-main-stick-meta":"","header-below-stick-meta":"","astra-migrate-meta-layouts":"default","ast-page-background-enabled":"default","ast-page-background-meta":{"desktop":{"background-color":"var(--ast-global-color-4)","background-image":"","background-repeat":"repeat","background-position":"center center","background-size":"auto","background-attachment":"scroll","background-type":"","background-media":"","overlay-type":"","overlay-color":"","overlay-opacity":"","overlay-gradient":""},"tablet":{"background-color":"","background-image":"","background-repeat":"repeat","background-position":"center center","background-size":"auto","background-attachment":"scroll","background-type":"","background-media":"","overlay-type":"","overlay-color":"","overlay-opacity":"","overlay-gradient":""},"mobile":{"background-color":"","background-image":"","background-repeat":"repeat","background-position":"center center","background-size":"auto","background-attachment":"scroll","background-type":"","background-media":"","overlay-type":"","overlay-color":"","overlay-opacity":"","overlay-gradient":""}},"ast-content-background-meta":{"desktop":{"background-color":"var(--ast-global-color-5)","background-image":"","background-repeat":"repeat","background-position":"center center","background-size":"auto","background-attachment":"scroll","background-type":"","background-media":"","overlay-type":"","overlay-color":"","overlay-opacity":"","overlay-gradient":""},"tablet":{"background-color":"var(--ast-global-color-5)","background-image":"","background-repeat":"repeat","background-position":"center center","background-size":"auto","background-attachment":"scroll","background-type":"","background-media":"","overlay-type":"","overlay-color":"","overlay-opacity":"","overlay-gradient":""},"mobile":{"background-color":"var(--ast-global-color-5)","background-image":"","background-repeat":"repeat","background-position":"center center","background-size":"auto","background-attachment":"scroll","background-type":"","background-media":"","overlay-type":"","overlay-color":"","overlay-opacity":"","overlay-gradient":""}},"footnotes":""},"class_list":["post-9721","page","type-page","status-publish","hentry"],"_links":{"self":[{"href":"https:\/\/localhagiang.com\/de\/wp-json\/wp\/v2\/pages\/9721","targetHints":{"allow":["GET"]}}],"collection":[{"href":"https:\/\/localhagiang.com\/de\/wp-json\/wp\/v2\/pages"}],"about":[{"href":"https:\/\/localhagiang.com\/de\/wp-json\/wp\/v2\/types\/page"}],"author":[{"embeddable":true,"href":"https:\/\/localhagiang.com\/de\/wp-json\/wp\/v2\/users\/1"}],"replies":[{"embeddable":true,"href":"https:\/\/localhagiang.com\/de\/wp-json\/wp\/v2\/comments?post=9721"}],"version-history":[{"count":1,"href":"https:\/\/localhagiang.com\/de\/wp-json\/wp\/v2\/pages\/9721\/revisions"}],"predecessor-version":[{"id":9732,"href":"https:\/\/localhagiang.com\/de\/wp-json\/wp\/v2\/pages\/9721\/revisions\/9732"}],"wp:attachment":[{"href":"https:\/\/localhagiang.com\/de\/wp-json\/wp\/v2\/media?parent=9721"}],"curies":[{"name":"wp","href":"https:\/\/api.w.org\/{rel}","templated":true}]}}