{"id":9754,"date":"2024-05-10T04:26:07","date_gmt":"2024-05-10T04:26:07","guid":{"rendered":"https:\/\/localhagiang.com\/lista-de-control-que-llevar\/"},"modified":"2024-05-10T04:47:37","modified_gmt":"2024-05-10T04:47:37","slug":"lista-de-control-que-llevar","status":"publish","type":"page","link":"https:\/\/localhagiang.com\/es\/lista-de-control-que-llevar\/","title":{"rendered":"Lista de control qu\u00e9 llevar"},"content":{"rendered":"\t\t<div data-elementor-type=\"wp-page\" data-elementor-id=\"9754\" class=\"elementor elementor-9754 elementor-9239\" data-elementor-post-type=\"page\">\n\t\t\t\t\t\t<section class=\"elementor-section elementor-top-section elementor-element elementor-element-99429c9 elementor-section-boxed elementor-section-height-default elementor-section-height-default\" data-id=\"99429c9\" data-element_type=\"section\" data-e-type=\"section\">\n\t\t\t\t\t\t<div class=\"elementor-container elementor-column-gap-default\">\n\t\t\t\t\t<div class=\"elementor-column elementor-col-50 elementor-top-column elementor-element elementor-element-13ba208\" data-id=\"13ba208\" data-element_type=\"column\" data-e-type=\"column\">\n\t\t\t<div class=\"elementor-widget-wrap elementor-element-populated\">\n\t\t\t\t\t\t<div class=\"elementor-element elementor-element-2b5c47e elementor-widget elementor-widget-heading\" data-id=\"2b5c47e\" data-element_type=\"widget\" data-e-type=\"widget\" data-widget_type=\"heading.default\">\n\t\t\t\t<div class=\"elementor-widget-container\">\n\t\t\t\t\t<h1 class=\"elementor-heading-title elementor-size-default\">Qu\u00e9 llevar y preparar<\/h1>\t\t\t\t<\/div>\n\t\t\t\t<\/div>\n\t\t\t\t<div class=\"elementor-element elementor-element-4f96431 elementor-widget elementor-widget-text-editor\" data-id=\"4f96431\" data-element_type=\"widget\" data-e-type=\"widget\" data-widget_type=\"text-editor.default\">\n\t\t\t\t<div class=\"elementor-widget-container\">\n\t\t\t\t\t\t\t\t\t<p>Prep\u00e1rate para un viaje inolvidable por los impresionantes paisajes de Ha Giang. Esta gu\u00eda est\u00e1 dise\u00f1ada para ayudarte a hacer la maleta y a prepararte eficazmente, garantizando una experiencia c\u00f3moda y enriquecedora durante tu viaje.<\/p>\n\t\t\t\t\t\t\t\t<\/div>\n\t\t\t\t<\/div>\n\t\t\t\t<div class=\"elementor-element elementor-element-da90f22 elementor-widget elementor-widget-heading\" data-id=\"da90f22\" data-element_type=\"widget\" data-e-type=\"widget\" data-widget_type=\"heading.default\">\n\t\t\t\t<div class=\"elementor-widget-container\">\n\t\t\t\t\t<h2 class=\"elementor-heading-title elementor-size-default\">1. Preparaci\u00f3n del equipaje<\/h2>\t\t\t\t<\/div>\n\t\t\t\t<\/div>\n\t\t\t\t<div class=\"elementor-element elementor-element-0b99f09 elementor-widget elementor-widget-heading\" data-id=\"0b99f09\" data-element_type=\"widget\" data-e-type=\"widget\" data-widget_type=\"heading.default\">\n\t\t\t\t<div class=\"elementor-widget-container\">\n\t\t\t\t\t<h3 class=\"elementor-heading-title elementor-size-default\">Recorrido en coche:<\/h3>\t\t\t\t<\/div>\n\t\t\t\t<\/div>\n\t\t\t\t<div class=\"elementor-element elementor-element-21abce0 elementor-widget elementor-widget-text-editor\" data-id=\"21abce0\" data-element_type=\"widget\" data-e-type=\"widget\" data-widget_type=\"text-editor.default\">\n\t\t\t\t<div class=\"elementor-widget-container\">\n\t\t\t\t\t\t\t\t\t<ul>\n<li>No dudes en llevar todo tu equipaje. Opcionalmente, puedes dejar algo en Ha Giang o Hanoi para mayor comodidad<\/li>\n<\/ul>\n\t\t\t\t\t\t\t\t<\/div>\n\t\t\t\t<\/div>\n\t\t\t\t<div class=\"elementor-element elementor-element-fd78286 elementor-widget elementor-widget-heading\" data-id=\"fd78286\" data-element_type=\"widget\" data-e-type=\"widget\" data-widget_type=\"heading.default\">\n\t\t\t\t<div class=\"elementor-widget-container\">\n\t\t\t\t\t<h3 class=\"elementor-heading-title elementor-size-default\">Recorrido en moto (Easy Rider):\n\n<\/h3>\t\t\t\t<\/div>\n\t\t\t\t<\/div>\n\t\t\t\t<div class=\"elementor-element elementor-element-63229e3 elementor-widget elementor-widget-text-editor\" data-id=\"63229e3\" data-element_type=\"widget\" data-e-type=\"widget\" data-widget_type=\"text-editor.default\">\n\t\t\t\t<div class=\"elementor-widget-container\">\n\t\t\t\t\t\t\t\t\t<ul>\n<li>Las mochilas y maletas m\u00e1s peque\u00f1as se pueden sujetar con seguridad a la moto.<\/li>\n<li>El equipaje grande debe guardarse en nuestras instalaciones de Ha Giang sin coste adicional.<\/li>\n<li>Guarda lo esencial para el d\u00eda a d\u00eda en una mochila peque\u00f1a o en una bolsa para poder acceder a ello f\u00e1cilmente a lo largo del d\u00eda.<\/li>\n<\/ul>\n\t\t\t\t\t\t\t\t<\/div>\n\t\t\t\t<\/div>\n\t\t\t\t<div class=\"elementor-element elementor-element-6c6c55f elementor-widget elementor-widget-heading\" data-id=\"6c6c55f\" data-element_type=\"widget\" data-e-type=\"widget\" data-widget_type=\"heading.default\">\n\t\t\t\t<div class=\"elementor-widget-container\">\n\t\t\t\t\t<h2 class=\"elementor-heading-title elementor-size-default\">2. Consejos esenciales<\/h2>\t\t\t\t<\/div>\n\t\t\t\t<\/div>\n\t\t\t\t<div class=\"elementor-element elementor-element-528122d elementor-widget elementor-widget-heading\" data-id=\"528122d\" data-element_type=\"widget\" data-e-type=\"widget\" data-widget_type=\"heading.default\">\n\t\t\t\t<div class=\"elementor-widget-container\">\n\t\t\t\t\t<h3 class=\"elementor-heading-title elementor-size-default\">WiFi e Internet:\n\n<\/h3>\t\t\t\t<\/div>\n\t\t\t\t<\/div>\n\t\t\t\t<div class=\"elementor-element elementor-element-abeb2cf elementor-widget elementor-widget-text-editor\" data-id=\"abeb2cf\" data-element_type=\"widget\" data-e-type=\"widget\" data-widget_type=\"text-editor.default\">\n\t\t\t\t<div class=\"elementor-widget-container\">\n\t\t\t\t\t\t\t\t\t<ul>\n<li>Hay WiFi en todos los alojamientos est\u00e1ndar, a menos que optes por una Homestay muy b\u00e1sica. Nuestros gu\u00edas se encargan de la navegaci\u00f3n y la comunicaci\u00f3n, haciendo innecesario el acceso constante a Internet. Sin embargo, se recomienda adquirir una tarjeta SIM local en Han\u00f3i, preferiblemente de Viettel, para quienes deseen una conectividad continua.<\/li>\n<\/ul>\n\t\t\t\t\t\t\t\t<\/div>\n\t\t\t\t<\/div>\n\t\t\t\t<div class=\"elementor-element elementor-element-3c51ca7 elementor-widget elementor-widget-heading\" data-id=\"3c51ca7\" data-element_type=\"widget\" data-e-type=\"widget\" data-widget_type=\"heading.default\">\n\t\t\t\t<div class=\"elementor-widget-container\">\n\t\t\t\t\t<h3 class=\"elementor-heading-title elementor-size-default\">Dispositivos de carga:\n\n<\/h3>\t\t\t\t<\/div>\n\t\t\t\t<\/div>\n\t\t\t\t<div class=\"elementor-element elementor-element-1ef2f96 elementor-widget elementor-widget-text-editor\" data-id=\"1ef2f96\" data-element_type=\"widget\" data-e-type=\"widget\" data-widget_type=\"text-editor.default\">\n\t\t\t\t<div class=\"elementor-widget-container\">\n\t\t\t\t\t\t\t\t\t<ul>\n<li>Carga c\u00e1maras, tel\u00e9fonos y otros dispositivos todas las noches en tu alojamiento. Todas las habitaciones est\u00e1n equipadas con enchufes compatibles con clavijas de dos clavijas, tanto planas como redondas. Comprueba si necesitas un adaptador para tus dispositivos.<\/li>\n<\/ul>\n\t\t\t\t\t\t\t\t<\/div>\n\t\t\t\t<\/div>\n\t\t\t\t<div class=\"elementor-element elementor-element-67c22b5 elementor-widget elementor-widget-heading\" data-id=\"67c22b5\" data-element_type=\"widget\" data-e-type=\"widget\" data-widget_type=\"heading.default\">\n\t\t\t\t<div class=\"elementor-widget-container\">\n\t\t\t\t\t<h3 class=\"elementor-heading-title elementor-size-default\">Confirmaciones de reserva:\n\n<\/h3>\t\t\t\t<\/div>\n\t\t\t\t<\/div>\n\t\t\t\t<div class=\"elementor-element elementor-element-65053d0 elementor-widget elementor-widget-text-editor\" data-id=\"65053d0\" data-element_type=\"widget\" data-e-type=\"widget\" data-widget_type=\"text-editor.default\">\n\t\t\t\t<div class=\"elementor-widget-container\">\n\t\t\t\t\t\t\t\t\t<ul>\n<li>De acuerdo con nuestro compromiso con la sostenibilidad, no exigimos vales impresos ni confirmaciones de reserva. Toda la informaci\u00f3n necesaria se comunica directamente a nuestros gu\u00edas y alojamientos.<\/li>\n<\/ul>\n\t\t\t\t\t\t\t\t<\/div>\n\t\t\t\t<\/div>\n\t\t\t\t<div class=\"elementor-element elementor-element-c6f3571 elementor-widget elementor-widget-heading\" data-id=\"c6f3571\" data-element_type=\"widget\" data-e-type=\"widget\" data-widget_type=\"heading.default\">\n\t\t\t\t<div class=\"elementor-widget-container\">\n\t\t\t\t\t<h3 class=\"elementor-heading-title elementor-size-default\">En efectivo:<\/h3>\t\t\t\t<\/div>\n\t\t\t\t<\/div>\n\t\t\t\t<div class=\"elementor-element elementor-element-6114f48 elementor-widget elementor-widget-text-editor\" data-id=\"6114f48\" data-element_type=\"widget\" data-e-type=\"widget\" data-widget_type=\"text-editor.default\">\n\t\t\t\t<div class=\"elementor-widget-container\">\n\t\t\t\t\t\t\t\t\t<ul>\n<li>Aunque tu viaje incluye comidas, alojamiento y servicios esenciales, es aconsejable llevar dinero en efectivo para peque\u00f1as compras personales, como tentempi\u00e9s y bebidas. Las instalaciones para tarjetas de cr\u00e9dito son escasas y los cajeros autom\u00e1ticos son raros a lo largo del Loop.<\/li>\n<\/ul>\n\t\t\t\t\t\t\t\t<\/div>\n\t\t\t\t<\/div>\n\t\t\t\t<div class=\"elementor-element elementor-element-15a1744 elementor-widget elementor-widget-heading\" data-id=\"15a1744\" data-element_type=\"widget\" data-e-type=\"widget\" data-widget_type=\"heading.default\">\n\t\t\t\t<div class=\"elementor-widget-container\">\n\t\t\t\t\t<h3 class=\"elementor-heading-title elementor-size-default\">De propina:<\/h3>\t\t\t\t<\/div>\n\t\t\t\t<\/div>\n\t\t\t\t<div class=\"elementor-element elementor-element-5c155c2 elementor-widget elementor-widget-text-editor\" data-id=\"5c155c2\" data-element_type=\"widget\" data-e-type=\"widget\" data-widget_type=\"text-editor.default\">\n\t\t\t\t<div class=\"elementor-widget-container\">\n\t\t\t\t\t\t\t\t\t<ul>\n<li>La propina es totalmente opcional y no es una pr\u00e1ctica habitual en la cultura vietnamita. Sin embargo, si est\u00e1s satisfecho con el servicio, las propinas son muy apreciadas:\n<ul>\n<li>Gu\u00eda de 1 d\u00eda: 200.000 VND<\/li>\n<li>Gu\u00eda de m\u00e1s de 3 d\u00edas: 500.000 VND<\/li>\n<\/ul>\n<\/li>\n<\/ul>\n\t\t\t\t\t\t\t\t<\/div>\n\t\t\t\t<\/div>\n\t\t\t\t<div class=\"elementor-element elementor-element-f251594 elementor-widget elementor-widget-heading\" data-id=\"f251594\" data-element_type=\"widget\" data-e-type=\"widget\" data-widget_type=\"heading.default\">\n\t\t\t\t<div class=\"elementor-widget-container\">\n\t\t\t\t\t<h3 class=\"elementor-heading-title elementor-size-default\">La comida:<\/h3>\t\t\t\t<\/div>\n\t\t\t\t<\/div>\n\t\t\t\t<div class=\"elementor-element elementor-element-f567422 elementor-widget elementor-widget-text-editor\" data-id=\"f567422\" data-element_type=\"widget\" data-e-type=\"widget\" data-widget_type=\"text-editor.default\">\n\t\t\t\t<div class=\"elementor-widget-container\">\n\t\t\t\t\t\t\t\t\t<p>Todas las comidas est\u00e1n incluidas en tu paquete tur\u00edstico. Inf\u00f3rmanos con antelaci\u00f3n de cualquier restricci\u00f3n diet\u00e9tica o alergia para que podamos adaptarnos a tus necesidades. Las paradas diarias en ciudades como Ha Giang, Dong Van y Meo Vac son ideales para comprar tentempi\u00e9s.<\/p>\n\t\t\t\t\t\t\t\t<\/div>\n\t\t\t\t<\/div>\n\t\t\t\t<div class=\"elementor-element elementor-element-5b90744 elementor-widget elementor-widget-heading\" data-id=\"5b90744\" data-element_type=\"widget\" data-e-type=\"widget\" data-widget_type=\"heading.default\">\n\t\t\t\t<div class=\"elementor-widget-container\">\n\t\t\t\t\t<h3 class=\"elementor-heading-title elementor-size-default\">Equipo de seguridad:<\/h3>\t\t\t\t<\/div>\n\t\t\t\t<\/div>\n\t\t\t\t<div class=\"elementor-element elementor-element-88fea43 elementor-widget elementor-widget-text-editor\" data-id=\"88fea43\" data-element_type=\"widget\" data-e-type=\"widget\" data-widget_type=\"text-editor.default\">\n\t\t\t\t<div class=\"elementor-widget-container\">\n\t\t\t\t\t\t\t\t\t<p>Para tu protecci\u00f3n (cuando hagas el recorrido en moto), te proporcionamos cascos obligatorios junto con protecci\u00f3n adicional para brazos y piernas sin cargo adicional.<\/p>\n\t\t\t\t\t\t\t\t<\/div>\n\t\t\t\t<\/div>\n\t\t\t\t<div class=\"elementor-element elementor-element-c5f6b8b elementor-widget elementor-widget-heading\" data-id=\"c5f6b8b\" data-element_type=\"widget\" data-e-type=\"widget\" data-widget_type=\"heading.default\">\n\t\t\t\t<div class=\"elementor-widget-container\">\n\t\t\t\t\t<h2 class=\"elementor-heading-title elementor-size-default\">3. Qu\u00e9 ponerse<\/h2>\t\t\t\t<\/div>\n\t\t\t\t<\/div>\n\t\t\t\t<div class=\"elementor-element elementor-element-af3f8f0 elementor-widget elementor-widget-text-editor\" data-id=\"af3f8f0\" data-element_type=\"widget\" data-e-type=\"widget\" data-widget_type=\"text-editor.default\">\n\t\t\t\t<div class=\"elementor-widget-container\">\n\t\t\t\t\t\t\t\t\t<ul>\n<li><strong>Capas:<\/strong> En Ha Giang, las condiciones meteorol\u00f3gicas pueden cambiar r\u00e1pidamente: de c\u00e1lidas en los valles soleados a frescas en las zonas monta\u00f1osas elevadas, y de ambientes secos a h\u00famedos a medida que atraviesas diferentes terrenos. Llevar capas te permite ajustarte f\u00e1cilmente y mantener la comodidad durante todo el viaje, independientemente de los cambios de clima.<\/li>\n<li><strong>Chaqueta cortaviento:<\/strong> Una chaqueta ligera que proteja tanto del viento como de la lluvia es esencial, incluso en los d\u00edas m\u00e1s c\u00e1lidos, cuando las grandes altitudes pueden traer un tiempo m\u00e1s fresco.<\/li>\n<li><strong>Ropa:<\/strong> Aseg\u00farate de que tienes suficiente ropa adecuada para el clima y las actividades previstas, como caminatas cortas o paseos en bicicleta.<\/li>\n<li><strong>Calzado:<\/strong> Se recomienda llevar calzado c\u00f3modo para caminar. Aunque las largas caminatas no forman parte del itinerario, el recorrido incluye paseos por pueblos y mercados locales.<\/li>\n<li><strong>Protecci\u00f3n solar:<\/strong> Recomendamos llevar protecci\u00f3n solar, gafas de sol y sombrero para protegerse del fuerte sol, sobre todo a mayor altitud.<\/li>\n<\/ul>\n\t\t\t\t\t\t\t\t<\/div>\n\t\t\t\t<\/div>\n\t\t\t\t<div class=\"elementor-element elementor-element-50ff275 elementor-widget elementor-widget-heading\" data-id=\"50ff275\" data-element_type=\"widget\" data-e-type=\"widget\" data-widget_type=\"heading.default\">\n\t\t\t\t<div class=\"elementor-widget-container\">\n\t\t\t\t\t<h2 class=\"elementor-heading-title elementor-size-default\">4. Otros art\u00edculos esenciales\n<\/h2>\t\t\t\t<\/div>\n\t\t\t\t<\/div>\n\t\t\t\t<div class=\"elementor-element elementor-element-da7cd06 elementor-widget elementor-widget-heading\" data-id=\"da7cd06\" data-element_type=\"widget\" data-e-type=\"widget\" data-widget_type=\"heading.default\">\n\t\t\t\t<div class=\"elementor-widget-container\">\n\t\t\t\t\t<h3 class=\"elementor-heading-title elementor-size-default\">Documentos:<\/h3>\t\t\t\t<\/div>\n\t\t\t\t<\/div>\n\t\t\t\t<div class=\"elementor-element elementor-element-d933aea elementor-widget elementor-widget-text-editor\" data-id=\"d933aea\" data-element_type=\"widget\" data-e-type=\"widget\" data-widget_type=\"text-editor.default\">\n\t\t\t\t<div class=\"elementor-widget-container\">\n\t\t\t\t\t\t\t\t\t<ul>\n<li>Lleva siempre tu pasaporte en una funda impermeable. Es obligatorio para registrarse en el alojamiento y necesario en las excursiones en moto para garantizar que toda tu documentaci\u00f3n est\u00e1 segura.<\/li>\n<\/ul>\n\t\t\t\t\t\t\t\t<\/div>\n\t\t\t\t<\/div>\n\t\t\t\t<div class=\"elementor-element elementor-element-9538721 elementor-widget elementor-widget-heading\" data-id=\"9538721\" data-element_type=\"widget\" data-e-type=\"widget\" data-widget_type=\"heading.default\">\n\t\t\t\t<div class=\"elementor-widget-container\">\n\t\t\t\t\t<h3 class=\"elementor-heading-title elementor-size-default\">Electr\u00f3nica:<\/h3>\t\t\t\t<\/div>\n\t\t\t\t<\/div>\n\t\t\t\t<div class=\"elementor-element elementor-element-4549a15 elementor-widget elementor-widget-text-editor\" data-id=\"4549a15\" data-element_type=\"widget\" data-e-type=\"widget\" data-widget_type=\"text-editor.default\">\n\t\t\t\t<div class=\"elementor-widget-container\">\n\t\t\t\t\t\t\t\t\t<ul>\n<li>Mant\u00e9n tu c\u00e1mara accesible; la ruta ofrece innumerables oportunidades fotogr\u00e1ficas improvisadas. Prot\u00e9gela con una funda o bolsa impermeable.<\/li>\n<li>Considera la posibilidad de llevar pilas de repuesto, ya que las opciones de carga s\u00f3lo est\u00e1n disponibles durante la noche. Comprueba si necesitas un adaptador de corriente para los enchufes vietnamitas.<\/li>\n<\/ul>\n\t\t\t\t\t\t\t\t<\/div>\n\t\t\t\t<\/div>\n\t\t\t\t<div class=\"elementor-element elementor-element-cdd10e7 elementor-widget elementor-widget-heading\" data-id=\"cdd10e7\" data-element_type=\"widget\" data-e-type=\"widget\" data-widget_type=\"heading.default\">\n\t\t\t\t<div class=\"elementor-widget-container\">\n\t\t\t\t\t<h3 class=\"elementor-heading-title elementor-size-default\">Medicamentos<\/h3>\t\t\t\t<\/div>\n\t\t\t\t<\/div>\n\t\t\t\t<div class=\"elementor-element elementor-element-03f5097 elementor-widget elementor-widget-text-editor\" data-id=\"03f5097\" data-element_type=\"widget\" data-e-type=\"widget\" data-widget_type=\"text-editor.default\">\n\t\t\t\t<div class=\"elementor-widget-container\">\n\t\t\t\t\t\t\t\t\t<ul>\n<li><strong>Medicamentos<\/strong>: Lleva los medicamentos personales en cantidad suficiente para todo el viaje.<\/li>\n<li><strong>Repelente de insectos:<\/strong> Especialmente importante durante la estaci\u00f3n lluviosa para protegerse de los mosquitos.<\/li>\n<\/ul>\n\t\t\t\t\t\t\t\t<\/div>\n\t\t\t\t<\/div>\n\t\t\t\t\t<\/div>\n\t\t<\/div>\n\t\t\t\t<div class=\"elementor-column elementor-col-50 elementor-top-column elementor-element elementor-element-84d2c81\" data-id=\"84d2c81\" data-element_type=\"column\" data-e-type=\"column\">\n\t\t\t<div class=\"elementor-widget-wrap elementor-element-populated\">\n\t\t\t\t\t\t<div class=\"elementor-element elementor-element-8ec747d elementor-toc--minimized-on-tablet elementor-widget elementor-widget-table-of-contents\" data-id=\"8ec747d\" data-element_type=\"widget\" data-e-type=\"widget\" data-settings=\"{&quot;headings_by_tags&quot;:[&quot;h2&quot;],&quot;exclude_headings_by_selector&quot;:[],&quot;marker_view&quot;:&quot;bullets&quot;,&quot;icon&quot;:{&quot;value&quot;:&quot;fas fa-angle-right&quot;,&quot;library&quot;:&quot;fa-solid&quot;},&quot;sticky&quot;:&quot;top&quot;,&quot;sticky_offset&quot;:100,&quot;sticky_parent&quot;:&quot;yes&quot;,&quot;no_headings_message&quot;:&quot;No se ha encontrado ning\\u00fan encabezado en esta p\\u00e1gina.&quot;,&quot;minimize_box&quot;:&quot;yes&quot;,&quot;minimized_on&quot;:&quot;tablet&quot;,&quot;hierarchical_view&quot;:&quot;yes&quot;,&quot;min_height&quot;:{&quot;unit&quot;:&quot;px&quot;,&quot;size&quot;:&quot;&quot;,&quot;sizes&quot;:[]},&quot;min_height_tablet&quot;:{&quot;unit&quot;:&quot;px&quot;,&quot;size&quot;:&quot;&quot;,&quot;sizes&quot;:[]},&quot;min_height_mobile&quot;:{&quot;unit&quot;:&quot;px&quot;,&quot;size&quot;:&quot;&quot;,&quot;sizes&quot;:[]},&quot;sticky_on&quot;:[&quot;desktop&quot;,&quot;tablet&quot;,&quot;mobile&quot;],&quot;sticky_effects_offset&quot;:0,&quot;sticky_anchor_link_offset&quot;:0}\" data-widget_type=\"table-of-contents.default\">\n\t\t\t\t<div class=\"elementor-widget-container\">\n\t\t\t\t\t\t\t\t\t<div class=\"elementor-toc__header\">\n\t\t\t\t\t\t<h4 class=\"elementor-toc__header-title\">\n\t\t\t\t\u00cdndice\t\t\t<\/h4>\n\t\t\t\t\t\t\t\t\t\t<div class=\"elementor-toc__toggle-button elementor-toc__toggle-button--expand\" role=\"button\" tabindex=\"0\" aria-controls=\"elementor-toc__8ec747d\" aria-expanded=\"true\" aria-label=\"Abrir la tabla de contenidos\"><i aria-hidden=\"true\" class=\"fas fa-chevron-down\"><\/i><\/div>\n\t\t\t\t<div class=\"elementor-toc__toggle-button elementor-toc__toggle-button--collapse\" role=\"button\" tabindex=\"0\" aria-controls=\"elementor-toc__8ec747d\" aria-expanded=\"true\" aria-label=\"Cerrar la tabla de contenidos\"><i aria-hidden=\"true\" class=\"fas fa-chevron-up\"><\/i><\/div>\n\t\t\t\t\t<\/div>\n\t\t\t\t<div id=\"elementor-toc__8ec747d\" class=\"elementor-toc__body\">\n\t\t\t<div class=\"elementor-toc__spinner-container\">\n\t\t\t\t<i class=\"elementor-toc__spinner eicon-animation-spin eicon-loading\" aria-hidden=\"true\"><\/i>\t\t\t<\/div>\n\t\t<\/div>\n\t\t\t\t\t\t<\/div>\n\t\t\t\t<\/div>\n\t\t\t\t\t<\/div>\n\t\t<\/div>\n\t\t\t\t\t<\/div>\n\t\t<\/section>\n\t\t\t\t<\/div>\n\t\t","protected":false},"excerpt":{"rendered":"<p>Qu\u00e9 llevar y preparar Prep\u00e1rate para un viaje inolvidable por los impresionantes paisajes de Ha Giang. Esta gu\u00eda est\u00e1 dise\u00f1ada para ayudarte a hacer la maleta y a prepararte eficazmente, garantizando una experiencia c\u00f3moda y enriquecedora durante tu viaje. 1. Preparaci\u00f3n del equipaje Recorrido en coche: No dudes en llevar todo tu equipaje. Opcionalmente, puedes [&hellip;]<\/p>\n","protected":false},"author":1,"featured_media":0,"parent":0,"menu_order":0,"comment_status":"closed","ping_status":"closed","template":"","meta":{"site-sidebar-layout":"no-sidebar","site-content-layout":"page-builder","ast-site-content-layout":"full-width-container","site-content-style":"default","site-sidebar-style":"default","ast-global-header-display":"","ast-banner-title-visibility":"","ast-main-header-display":"","ast-hfb-above-header-display":"","ast-hfb-below-header-display":"","ast-hfb-mobile-header-display":"","site-post-title":"disabled","ast-breadcrumbs-content":"","ast-featured-img":"disabled","footer-sml-layout":"","ast-disable-related-posts":"","theme-transparent-header-meta":"","adv-header-id-meta":"","stick-header-meta":"","header-above-stick-meta":"","header-main-stick-meta":"","header-below-stick-meta":"","astra-migrate-meta-layouts":"default","ast-page-background-enabled":"default","ast-page-background-meta":{"desktop":{"background-color":"var(--ast-global-color-4)","background-image":"","background-repeat":"repeat","background-position":"center center","background-size":"auto","background-attachment":"scroll","background-type":"","background-media":"","overlay-type":"","overlay-color":"","overlay-opacity":"","overlay-gradient":""},"tablet":{"background-color":"","background-image":"","background-repeat":"repeat","background-position":"center center","background-size":"auto","background-attachment":"scroll","background-type":"","background-media":"","overlay-type":"","overlay-color":"","overlay-opacity":"","overlay-gradient":""},"mobile":{"background-color":"","background-image":"","background-repeat":"repeat","background-position":"center center","background-size":"auto","background-attachment":"scroll","background-type":"","background-media":"","overlay-type":"","overlay-color":"","overlay-opacity":"","overlay-gradient":""}},"ast-content-background-meta":{"desktop":{"background-color":"var(--ast-global-color-5)","background-image":"","background-repeat":"repeat","background-position":"center center","background-size":"auto","background-attachment":"scroll","background-type":"","background-media":"","overlay-type":"","overlay-color":"","overlay-opacity":"","overlay-gradient":""},"tablet":{"background-color":"var(--ast-global-color-5)","background-image":"","background-repeat":"repeat","background-position":"center center","background-size":"auto","background-attachment":"scroll","background-type":"","background-media":"","overlay-type":"","overlay-color":"","overlay-opacity":"","overlay-gradient":""},"mobile":{"background-color":"var(--ast-global-color-5)","background-image":"","background-repeat":"repeat","background-position":"center center","background-size":"auto","background-attachment":"scroll","background-type":"","background-media":"","overlay-type":"","overlay-color":"","overlay-opacity":"","overlay-gradient":""}},"footnotes":""},"class_list":["post-9754","page","type-page","status-publish","hentry"],"_links":{"self":[{"href":"https:\/\/localhagiang.com\/es\/wp-json\/wp\/v2\/pages\/9754","targetHints":{"allow":["GET"]}}],"collection":[{"href":"https:\/\/localhagiang.com\/es\/wp-json\/wp\/v2\/pages"}],"about":[{"href":"https:\/\/localhagiang.com\/es\/wp-json\/wp\/v2\/types\/page"}],"author":[{"embeddable":true,"href":"https:\/\/localhagiang.com\/es\/wp-json\/wp\/v2\/users\/1"}],"replies":[{"embeddable":true,"href":"https:\/\/localhagiang.com\/es\/wp-json\/wp\/v2\/comments?post=9754"}],"version-history":[{"count":1,"href":"https:\/\/localhagiang.com\/es\/wp-json\/wp\/v2\/pages\/9754\/revisions"}],"predecessor-version":[{"id":9758,"href":"https:\/\/localhagiang.com\/es\/wp-json\/wp\/v2\/pages\/9754\/revisions\/9758"}],"wp:attachment":[{"href":"https:\/\/localhagiang.com\/es\/wp-json\/wp\/v2\/media?parent=9754"}],"curies":[{"name":"wp","href":"https:\/\/api.w.org\/{rel}","templated":true}]}}