{"id":9706,"date":"2024-05-10T04:26:07","date_gmt":"2024-05-10T04:26:07","guid":{"rendered":"https:\/\/localhagiang.com\/liste-de-controle-de-ce-quil-faut-apporter\/"},"modified":"2024-05-10T04:47:36","modified_gmt":"2024-05-10T04:47:36","slug":"liste-de-controle-de-ce-quil-faut-apporter","status":"publish","type":"page","link":"https:\/\/localhagiang.com\/fr\/liste-de-controle-de-ce-quil-faut-apporter\/","title":{"rendered":"Liste de contr\u00f4le de ce qu&rsquo;il faut apporter"},"content":{"rendered":"\t\t<div data-elementor-type=\"wp-page\" data-elementor-id=\"9706\" class=\"elementor elementor-9706 elementor-9239\" data-elementor-post-type=\"page\">\n\t\t\t\t\t\t<section class=\"elementor-section elementor-top-section elementor-element elementor-element-99429c9 elementor-section-boxed elementor-section-height-default elementor-section-height-default\" data-id=\"99429c9\" data-element_type=\"section\" data-e-type=\"section\">\n\t\t\t\t\t\t<div class=\"elementor-container elementor-column-gap-default\">\n\t\t\t\t\t<div class=\"elementor-column elementor-col-50 elementor-top-column elementor-element elementor-element-13ba208\" data-id=\"13ba208\" data-element_type=\"column\" data-e-type=\"column\">\n\t\t\t<div class=\"elementor-widget-wrap elementor-element-populated\">\n\t\t\t\t\t\t<div class=\"elementor-element elementor-element-2b5c47e elementor-widget elementor-widget-heading\" data-id=\"2b5c47e\" data-element_type=\"widget\" data-e-type=\"widget\" data-widget_type=\"heading.default\">\n\t\t\t\t<div class=\"elementor-widget-container\">\n\t\t\t\t\t<h1 class=\"elementor-heading-title elementor-size-default\">Ce qu'il faut apporter et pr\u00e9parer<\/h1>\t\t\t\t<\/div>\n\t\t\t\t<\/div>\n\t\t\t\t<div class=\"elementor-element elementor-element-4f96431 elementor-widget elementor-widget-text-editor\" data-id=\"4f96431\" data-element_type=\"widget\" data-e-type=\"widget\" data-widget_type=\"text-editor.default\">\n\t\t\t\t<div class=\"elementor-widget-container\">\n\t\t\t\t\t\t\t\t\t<p>Pr\u00e9pare-toi \u00e0 un voyage inoubliable \u00e0 travers les paysages \u00e9poustouflants de Ha Giang. Ce guide est con\u00e7u pour t&rsquo;aider \u00e0 faire tes valises et \u00e0 te pr\u00e9parer efficacement, afin de te garantir une exp\u00e9rience confortable et enrichissante pendant ton voyage.<\/p>\n\t\t\t\t\t\t\t\t<\/div>\n\t\t\t\t<\/div>\n\t\t\t\t<div class=\"elementor-element elementor-element-da90f22 elementor-widget elementor-widget-heading\" data-id=\"da90f22\" data-element_type=\"widget\" data-e-type=\"widget\" data-widget_type=\"heading.default\">\n\t\t\t\t<div class=\"elementor-widget-container\">\n\t\t\t\t\t<h2 class=\"elementor-heading-title elementor-size-default\">1. Pr\u00e9paration des bagages<\/h2>\t\t\t\t<\/div>\n\t\t\t\t<\/div>\n\t\t\t\t<div class=\"elementor-element elementor-element-0b99f09 elementor-widget elementor-widget-heading\" data-id=\"0b99f09\" data-element_type=\"widget\" data-e-type=\"widget\" data-widget_type=\"heading.default\">\n\t\t\t\t<div class=\"elementor-widget-container\">\n\t\t\t\t\t<h3 class=\"elementor-heading-title elementor-size-default\">Tour de voiture :<\/h3>\t\t\t\t<\/div>\n\t\t\t\t<\/div>\n\t\t\t\t<div class=\"elementor-element elementor-element-21abce0 elementor-widget elementor-widget-text-editor\" data-id=\"21abce0\" data-element_type=\"widget\" data-e-type=\"widget\" data-widget_type=\"text-editor.default\">\n\t\t\t\t<div class=\"elementor-widget-container\">\n\t\t\t\t\t\t\t\t\t<ul>\n<li>N&rsquo;h\u00e9site pas \u00e0 apporter tous tes bagages. En option, tu peux en laisser \u00e0 Ha Giang ou \u00e0 Hanoi pour plus de commodit\u00e9<\/li>\n<\/ul>\n\t\t\t\t\t\t\t\t<\/div>\n\t\t\t\t<\/div>\n\t\t\t\t<div class=\"elementor-element elementor-element-fd78286 elementor-widget elementor-widget-heading\" data-id=\"fd78286\" data-element_type=\"widget\" data-e-type=\"widget\" data-widget_type=\"heading.default\">\n\t\t\t\t<div class=\"elementor-widget-container\">\n\t\t\t\t\t<h3 class=\"elementor-heading-title elementor-size-default\">Visite \u00e0 moto (Easy Rider) :\n\n<\/h3>\t\t\t\t<\/div>\n\t\t\t\t<\/div>\n\t\t\t\t<div class=\"elementor-element elementor-element-63229e3 elementor-widget elementor-widget-text-editor\" data-id=\"63229e3\" data-element_type=\"widget\" data-e-type=\"widget\" data-widget_type=\"text-editor.default\">\n\t\t\t\t<div class=\"elementor-widget-container\">\n\t\t\t\t\t\t\t\t\t<ul>\n<li>Les sacs \u00e0 dos et les valises plus petites peuvent \u00eatre solidement attach\u00e9s \u00e0 la moto.<\/li>\n<li>Les gros bagages doivent \u00eatre entrepos\u00e9s dans notre \u00e9tablissement de Ha Giang sans frais suppl\u00e9mentaires.<\/li>\n<li>Garde les essentiels quotidiens dans un petit sac \u00e0 dos ou un sac pour qu&rsquo;ils soient facilement accessibles tout au long de la journ\u00e9e.<\/li>\n<\/ul>\n\t\t\t\t\t\t\t\t<\/div>\n\t\t\t\t<\/div>\n\t\t\t\t<div class=\"elementor-element elementor-element-6c6c55f elementor-widget elementor-widget-heading\" data-id=\"6c6c55f\" data-element_type=\"widget\" data-e-type=\"widget\" data-widget_type=\"heading.default\">\n\t\t\t\t<div class=\"elementor-widget-container\">\n\t\t\t\t\t<h2 class=\"elementor-heading-title elementor-size-default\">2. Conseils essentiels<\/h2>\t\t\t\t<\/div>\n\t\t\t\t<\/div>\n\t\t\t\t<div class=\"elementor-element elementor-element-528122d elementor-widget elementor-widget-heading\" data-id=\"528122d\" data-element_type=\"widget\" data-e-type=\"widget\" data-widget_type=\"heading.default\">\n\t\t\t\t<div class=\"elementor-widget-container\">\n\t\t\t\t\t<h3 class=\"elementor-heading-title elementor-size-default\">WiFi et Internet :\n\n<\/h3>\t\t\t\t<\/div>\n\t\t\t\t<\/div>\n\t\t\t\t<div class=\"elementor-element elementor-element-abeb2cf elementor-widget elementor-widget-text-editor\" data-id=\"abeb2cf\" data-element_type=\"widget\" data-e-type=\"widget\" data-widget_type=\"text-editor.default\">\n\t\t\t\t<div class=\"elementor-widget-container\">\n\t\t\t\t\t\t\t\t\t<ul>\n<li>Le Wifi est disponible dans tous les h\u00e9bergements standards, \u00e0 moins que tu n&rsquo;optes pour un Homestay tr\u00e8s basique. Nos guides s&rsquo;occupent de la navigation et de la communication, ce qui rend inutile un acc\u00e8s constant \u00e0 Internet. Cependant, l&rsquo;achat d&rsquo;une carte SIM locale \u00e0 Hanoi, de pr\u00e9f\u00e9rence aupr\u00e8s de Viettel, est recommand\u00e9 pour ceux qui souhaitent une connectivit\u00e9 continue.<\/li>\n<\/ul>\n\t\t\t\t\t\t\t\t<\/div>\n\t\t\t\t<\/div>\n\t\t\t\t<div class=\"elementor-element elementor-element-3c51ca7 elementor-widget elementor-widget-heading\" data-id=\"3c51ca7\" data-element_type=\"widget\" data-e-type=\"widget\" data-widget_type=\"heading.default\">\n\t\t\t\t<div class=\"elementor-widget-container\">\n\t\t\t\t\t<h3 class=\"elementor-heading-title elementor-size-default\">Dispositifs de chargement :\n\n<\/h3>\t\t\t\t<\/div>\n\t\t\t\t<\/div>\n\t\t\t\t<div class=\"elementor-element elementor-element-1ef2f96 elementor-widget elementor-widget-text-editor\" data-id=\"1ef2f96\" data-element_type=\"widget\" data-e-type=\"widget\" data-widget_type=\"text-editor.default\">\n\t\t\t\t<div class=\"elementor-widget-container\">\n\t\t\t\t\t\t\t\t\t<ul>\n<li>Charge les appareils photo, les t\u00e9l\u00e9phones et les autres appareils chaque nuit dans ton logement. Toutes les chambres sont \u00e9quip\u00e9es de prises compatibles avec les fiches \u00e0 deux broches, plates et rondes. V\u00e9rifie si tu as besoin d&rsquo;un adaptateur pour tes appareils.<\/li>\n<\/ul>\n\t\t\t\t\t\t\t\t<\/div>\n\t\t\t\t<\/div>\n\t\t\t\t<div class=\"elementor-element elementor-element-67c22b5 elementor-widget elementor-widget-heading\" data-id=\"67c22b5\" data-element_type=\"widget\" data-e-type=\"widget\" data-widget_type=\"heading.default\">\n\t\t\t\t<div class=\"elementor-widget-container\">\n\t\t\t\t\t<h3 class=\"elementor-heading-title elementor-size-default\">Confirmations de r\u00e9servation :\n\n<\/h3>\t\t\t\t<\/div>\n\t\t\t\t<\/div>\n\t\t\t\t<div class=\"elementor-element elementor-element-65053d0 elementor-widget elementor-widget-text-editor\" data-id=\"65053d0\" data-element_type=\"widget\" data-e-type=\"widget\" data-widget_type=\"text-editor.default\">\n\t\t\t\t<div class=\"elementor-widget-container\">\n\t\t\t\t\t\t\t\t\t<ul>\n<li>Conform\u00e9ment \u00e0 notre engagement en mati\u00e8re de durabilit\u00e9, nous ne demandons pas de bons imprim\u00e9s ni de confirmations de r\u00e9servation. Toutes les informations n\u00e9cessaires sont communiqu\u00e9es directement \u00e0 nos guides et \u00e0 nos h\u00e9bergements.<\/li>\n<\/ul>\n\t\t\t\t\t\t\t\t<\/div>\n\t\t\t\t<\/div>\n\t\t\t\t<div class=\"elementor-element elementor-element-c6f3571 elementor-widget elementor-widget-heading\" data-id=\"c6f3571\" data-element_type=\"widget\" data-e-type=\"widget\" data-widget_type=\"heading.default\">\n\t\t\t\t<div class=\"elementor-widget-container\">\n\t\t\t\t\t<h3 class=\"elementor-heading-title elementor-size-default\">Esp\u00e8ces :<\/h3>\t\t\t\t<\/div>\n\t\t\t\t<\/div>\n\t\t\t\t<div class=\"elementor-element elementor-element-6114f48 elementor-widget elementor-widget-text-editor\" data-id=\"6114f48\" data-element_type=\"widget\" data-e-type=\"widget\" data-widget_type=\"text-editor.default\">\n\t\t\t\t<div class=\"elementor-widget-container\">\n\t\t\t\t\t\t\t\t\t<ul>\n<li>Bien que ton circuit comprenne les repas, l&rsquo;h\u00e9bergement et les services essentiels, il est conseill\u00e9 d&rsquo;avoir de l&rsquo;argent liquide sur soi pour les petits achats personnels comme les collations et les boissons. Les facilit\u00e9s de cartes de cr\u00e9dit sont rares et les distributeurs automatiques de billets sont rares le long de la boucle.<\/li>\n<\/ul>\n\t\t\t\t\t\t\t\t<\/div>\n\t\t\t\t<\/div>\n\t\t\t\t<div class=\"elementor-element elementor-element-15a1744 elementor-widget elementor-widget-heading\" data-id=\"15a1744\" data-element_type=\"widget\" data-e-type=\"widget\" data-widget_type=\"heading.default\">\n\t\t\t\t<div class=\"elementor-widget-container\">\n\t\t\t\t\t<h3 class=\"elementor-heading-title elementor-size-default\">Pourboire :<\/h3>\t\t\t\t<\/div>\n\t\t\t\t<\/div>\n\t\t\t\t<div class=\"elementor-element elementor-element-5c155c2 elementor-widget elementor-widget-text-editor\" data-id=\"5c155c2\" data-element_type=\"widget\" data-e-type=\"widget\" data-widget_type=\"text-editor.default\">\n\t\t\t\t<div class=\"elementor-widget-container\">\n\t\t\t\t\t\t\t\t\t<ul>\n<li>Le pourboire est enti\u00e8rement facultatif et n&rsquo;est pas une pratique courante dans la culture vietnamienne. Cependant, si tu es satisfait du service, les pourboires sont tr\u00e8s appr\u00e9ci\u00e9s :\n<ul>\n<li>Guide d&rsquo;une journ\u00e9e : 200 000 VND<\/li>\n<li>Guide de 3 jours et plus : 500 000 VND<\/li>\n<\/ul>\n<\/li>\n<\/ul>\n\t\t\t\t\t\t\t\t<\/div>\n\t\t\t\t<\/div>\n\t\t\t\t<div class=\"elementor-element elementor-element-f251594 elementor-widget elementor-widget-heading\" data-id=\"f251594\" data-element_type=\"widget\" data-e-type=\"widget\" data-widget_type=\"heading.default\">\n\t\t\t\t<div class=\"elementor-widget-container\">\n\t\t\t\t\t<h3 class=\"elementor-heading-title elementor-size-default\">Nourriture :<\/h3>\t\t\t\t<\/div>\n\t\t\t\t<\/div>\n\t\t\t\t<div class=\"elementor-element elementor-element-f567422 elementor-widget elementor-widget-text-editor\" data-id=\"f567422\" data-element_type=\"widget\" data-e-type=\"widget\" data-widget_type=\"text-editor.default\">\n\t\t\t\t<div class=\"elementor-widget-container\">\n\t\t\t\t\t\t\t\t\t<p>Tous les repas sont compris dans ton voyage organis\u00e9. Informe-nous \u00e0 l&rsquo;avance de toute restriction alimentaire ou allergie afin que nous puissions r\u00e9pondre \u00e0 tes besoins. Les arr\u00eats quotidiens dans des villes comme Ha Giang, Dong Van et Meo Vac sont id\u00e9aux pour prendre des collations.<\/p>\n\t\t\t\t\t\t\t\t<\/div>\n\t\t\t\t<\/div>\n\t\t\t\t<div class=\"elementor-element elementor-element-5b90744 elementor-widget elementor-widget-heading\" data-id=\"5b90744\" data-element_type=\"widget\" data-e-type=\"widget\" data-widget_type=\"heading.default\">\n\t\t\t\t<div class=\"elementor-widget-container\">\n\t\t\t\t\t<h3 class=\"elementor-heading-title elementor-size-default\">Mat\u00e9riel de s\u00e9curit\u00e9 :<\/h3>\t\t\t\t<\/div>\n\t\t\t\t<\/div>\n\t\t\t\t<div class=\"elementor-element elementor-element-88fea43 elementor-widget elementor-widget-text-editor\" data-id=\"88fea43\" data-element_type=\"widget\" data-e-type=\"widget\" data-widget_type=\"text-editor.default\">\n\t\t\t\t<div class=\"elementor-widget-container\">\n\t\t\t\t\t\t\t\t\t<p>Pour ta protection (lorsque tu fais le tour en moto), nous fournissons des casques obligatoires ainsi que des protections suppl\u00e9mentaires pour les bras et les jambes sans frais suppl\u00e9mentaires.<\/p>\n\t\t\t\t\t\t\t\t<\/div>\n\t\t\t\t<\/div>\n\t\t\t\t<div class=\"elementor-element elementor-element-c5f6b8b elementor-widget elementor-widget-heading\" data-id=\"c5f6b8b\" data-element_type=\"widget\" data-e-type=\"widget\" data-widget_type=\"heading.default\">\n\t\t\t\t<div class=\"elementor-widget-container\">\n\t\t\t\t\t<h2 class=\"elementor-heading-title elementor-size-default\">3. Ce qu'il faut porter<\/h2>\t\t\t\t<\/div>\n\t\t\t\t<\/div>\n\t\t\t\t<div class=\"elementor-element elementor-element-af3f8f0 elementor-widget elementor-widget-text-editor\" data-id=\"af3f8f0\" data-element_type=\"widget\" data-e-type=\"widget\" data-widget_type=\"text-editor.default\">\n\t\t\t\t<div class=\"elementor-widget-container\">\n\t\t\t\t\t\t\t\t\t<ul>\n<li><strong>Couches :<\/strong> \u00c0 Ha Giang, les conditions m\u00e9t\u00e9orologiques peuvent changer rapidement &#8211; de la chaleur dans les vall\u00e9es ensoleill\u00e9es \u00e0 la fra\u00eecheur dans les zones montagneuses \u00e9lev\u00e9es, et d&rsquo;un environnement sec \u00e0 un environnement humide au fur et \u00e0 mesure que tu traverses diff\u00e9rents terrains. Porter des couches te permet de t&rsquo;ajuster facilement et de maintenir ton confort tout au long de ton voyage, quels que soient les changements de climat.<\/li>\n<li><strong>Veste coupe-vent :<\/strong> Une veste l\u00e9g\u00e8re qui prot\u00e8ge \u00e0 la fois du vent et de la pluie est essentielle, m\u00eame lors des journ\u00e9es plus chaudes o\u00f9 la haute altitude peut apporter un temps plus frais.<\/li>\n<li><strong>V\u00eatements :<\/strong> assure-toi d&rsquo;avoir suffisamment de v\u00eatements adapt\u00e9s au climat et aux activit\u00e9s pr\u00e9vues, comme de courtes randonn\u00e9es ou des balades \u00e0 v\u00e9lo.<\/li>\n<li><strong>Chaussures :<\/strong> Des chaussures de marche confortables sont recommand\u00e9es. Bien que les longues randonn\u00e9es ne fassent pas partie de l&rsquo;itin\u00e9raire, le circuit comprend des promenades dans les villages et les march\u00e9s locaux.<\/li>\n<li><strong>Protection solaire :<\/strong> Recommande d&rsquo;apporter de la cr\u00e8me solaire, des lunettes de soleil et un chapeau pour se prot\u00e9ger du soleil intense, surtout en altitude.<\/li>\n<\/ul>\n\t\t\t\t\t\t\t\t<\/div>\n\t\t\t\t<\/div>\n\t\t\t\t<div class=\"elementor-element elementor-element-50ff275 elementor-widget elementor-widget-heading\" data-id=\"50ff275\" data-element_type=\"widget\" data-e-type=\"widget\" data-widget_type=\"heading.default\">\n\t\t\t\t<div class=\"elementor-widget-container\">\n\t\t\t\t\t<h2 class=\"elementor-heading-title elementor-size-default\">4. Autres articles essentiels\n<\/h2>\t\t\t\t<\/div>\n\t\t\t\t<\/div>\n\t\t\t\t<div class=\"elementor-element elementor-element-da7cd06 elementor-widget elementor-widget-heading\" data-id=\"da7cd06\" data-element_type=\"widget\" data-e-type=\"widget\" data-widget_type=\"heading.default\">\n\t\t\t\t<div class=\"elementor-widget-container\">\n\t\t\t\t\t<h3 class=\"elementor-heading-title elementor-size-default\">Documents :<\/h3>\t\t\t\t<\/div>\n\t\t\t\t<\/div>\n\t\t\t\t<div class=\"elementor-element elementor-element-d933aea elementor-widget elementor-widget-text-editor\" data-id=\"d933aea\" data-element_type=\"widget\" data-e-type=\"widget\" data-widget_type=\"text-editor.default\">\n\t\t\t\t<div class=\"elementor-widget-container\">\n\t\t\t\t\t\t\t\t\t<ul>\n<li>Transporte toujours ton passeport dans une couverture imperm\u00e9able. Il est exig\u00e9 pour l&rsquo;enregistrement des h\u00e9bergements et n\u00e9cessaire lors des excursions en moto pour s&rsquo;assurer que tous tes documents sont en s\u00e9curit\u00e9.<\/li>\n<\/ul>\n\t\t\t\t\t\t\t\t<\/div>\n\t\t\t\t<\/div>\n\t\t\t\t<div class=\"elementor-element elementor-element-9538721 elementor-widget elementor-widget-heading\" data-id=\"9538721\" data-element_type=\"widget\" data-e-type=\"widget\" data-widget_type=\"heading.default\">\n\t\t\t\t<div class=\"elementor-widget-container\">\n\t\t\t\t\t<h3 class=\"elementor-heading-title elementor-size-default\">\u00c9lectronique :<\/h3>\t\t\t\t<\/div>\n\t\t\t\t<\/div>\n\t\t\t\t<div class=\"elementor-element elementor-element-4549a15 elementor-widget elementor-widget-text-editor\" data-id=\"4549a15\" data-element_type=\"widget\" data-e-type=\"widget\" data-widget_type=\"text-editor.default\">\n\t\t\t\t<div class=\"elementor-widget-container\">\n\t\t\t\t\t\t\t\t\t<ul>\n<li>Garde ton appareil photo accessible ; l&rsquo;itin\u00e9raire offre d&rsquo;innombrables possibilit\u00e9s de photos impromptues. Prot\u00e8ge-le avec un \u00e9tui ou un sac imperm\u00e9able.<\/li>\n<li>Pense \u00e0 emporter des piles de rechange car les possibilit\u00e9s de recharge ne sont disponibles que pendant la nuit. V\u00e9rifie si tu as besoin d&rsquo;un adaptateur \u00e9lectrique pour les prises vietnamiennes.<\/li>\n<\/ul>\n\t\t\t\t\t\t\t\t<\/div>\n\t\t\t\t<\/div>\n\t\t\t\t<div class=\"elementor-element elementor-element-cdd10e7 elementor-widget elementor-widget-heading\" data-id=\"cdd10e7\" data-element_type=\"widget\" data-e-type=\"widget\" data-widget_type=\"heading.default\">\n\t\t\t\t<div class=\"elementor-widget-container\">\n\t\t\t\t\t<h3 class=\"elementor-heading-title elementor-size-default\">M\u00e9dicaments<\/h3>\t\t\t\t<\/div>\n\t\t\t\t<\/div>\n\t\t\t\t<div class=\"elementor-element elementor-element-03f5097 elementor-widget elementor-widget-text-editor\" data-id=\"03f5097\" data-element_type=\"widget\" data-e-type=\"widget\" data-widget_type=\"text-editor.default\">\n\t\t\t\t<div class=\"elementor-widget-container\">\n\t\t\t\t\t\t\t\t\t<ul>\n<li><strong>M\u00e9dicaments<\/strong>: Apporte tout m\u00e9dicament personnel en quantit\u00e9 suffisante pour toute la dur\u00e9e du voyage.<\/li>\n<li><strong>R\u00e9pulsif contre les insectes :<\/strong> Particuli\u00e8rement important pendant la saison des pluies pour se prot\u00e9ger des moustiques.<\/li>\n<\/ul>\n\t\t\t\t\t\t\t\t<\/div>\n\t\t\t\t<\/div>\n\t\t\t\t\t<\/div>\n\t\t<\/div>\n\t\t\t\t<div class=\"elementor-column elementor-col-50 elementor-top-column elementor-element elementor-element-84d2c81\" data-id=\"84d2c81\" data-element_type=\"column\" data-e-type=\"column\">\n\t\t\t<div class=\"elementor-widget-wrap elementor-element-populated\">\n\t\t\t\t\t\t<div class=\"elementor-element elementor-element-8ec747d elementor-toc--minimized-on-tablet elementor-widget elementor-widget-table-of-contents\" data-id=\"8ec747d\" data-element_type=\"widget\" data-e-type=\"widget\" data-settings=\"{&quot;headings_by_tags&quot;:[&quot;h2&quot;],&quot;exclude_headings_by_selector&quot;:[],&quot;marker_view&quot;:&quot;bullets&quot;,&quot;icon&quot;:{&quot;value&quot;:&quot;fas fa-angle-right&quot;,&quot;library&quot;:&quot;fa-solid&quot;},&quot;sticky&quot;:&quot;top&quot;,&quot;sticky_offset&quot;:100,&quot;sticky_parent&quot;:&quot;yes&quot;,&quot;no_headings_message&quot;:&quot;Aucun titre n\\u2019a \\u00e9t\\u00e9 trouv\\u00e9 sur cette page.&quot;,&quot;minimize_box&quot;:&quot;yes&quot;,&quot;minimized_on&quot;:&quot;tablet&quot;,&quot;hierarchical_view&quot;:&quot;yes&quot;,&quot;min_height&quot;:{&quot;unit&quot;:&quot;px&quot;,&quot;size&quot;:&quot;&quot;,&quot;sizes&quot;:[]},&quot;min_height_tablet&quot;:{&quot;unit&quot;:&quot;px&quot;,&quot;size&quot;:&quot;&quot;,&quot;sizes&quot;:[]},&quot;min_height_mobile&quot;:{&quot;unit&quot;:&quot;px&quot;,&quot;size&quot;:&quot;&quot;,&quot;sizes&quot;:[]},&quot;sticky_on&quot;:[&quot;desktop&quot;,&quot;tablet&quot;,&quot;mobile&quot;],&quot;sticky_effects_offset&quot;:0,&quot;sticky_anchor_link_offset&quot;:0}\" data-widget_type=\"table-of-contents.default\">\n\t\t\t\t<div class=\"elementor-widget-container\">\n\t\t\t\t\t\t\t\t\t<div class=\"elementor-toc__header\">\n\t\t\t\t\t\t<h4 class=\"elementor-toc__header-title\">\n\t\t\t\tTable des mati\u00e8res\t\t\t<\/h4>\n\t\t\t\t\t\t\t\t\t\t<div class=\"elementor-toc__toggle-button elementor-toc__toggle-button--expand\" role=\"button\" tabindex=\"0\" aria-controls=\"elementor-toc__8ec747d\" aria-expanded=\"true\" aria-label=\"Ouvrir la table des mati\u00e8res\"><i aria-hidden=\"true\" class=\"fas fa-chevron-down\"><\/i><\/div>\n\t\t\t\t<div class=\"elementor-toc__toggle-button elementor-toc__toggle-button--collapse\" role=\"button\" tabindex=\"0\" aria-controls=\"elementor-toc__8ec747d\" aria-expanded=\"true\" aria-label=\"Fermer la table des mati\u00e8res\"><i aria-hidden=\"true\" class=\"fas fa-chevron-up\"><\/i><\/div>\n\t\t\t\t\t<\/div>\n\t\t\t\t<div id=\"elementor-toc__8ec747d\" class=\"elementor-toc__body\">\n\t\t\t<div class=\"elementor-toc__spinner-container\">\n\t\t\t\t<i class=\"elementor-toc__spinner eicon-animation-spin eicon-loading\" aria-hidden=\"true\"><\/i>\t\t\t<\/div>\n\t\t<\/div>\n\t\t\t\t\t\t<\/div>\n\t\t\t\t<\/div>\n\t\t\t\t\t<\/div>\n\t\t<\/div>\n\t\t\t\t\t<\/div>\n\t\t<\/section>\n\t\t\t\t<\/div>\n\t\t","protected":false},"excerpt":{"rendered":"<p>Ce qu&rsquo;il faut apporter et pr\u00e9parer Pr\u00e9pare-toi \u00e0 un voyage inoubliable \u00e0 travers les paysages \u00e9poustouflants de Ha Giang. Ce guide est con\u00e7u pour t&rsquo;aider \u00e0 faire tes valises et \u00e0 te pr\u00e9parer efficacement, afin de te garantir une exp\u00e9rience confortable et enrichissante pendant ton voyage. 1. Pr\u00e9paration des bagages Tour de voiture : N&rsquo;h\u00e9site [&hellip;]<\/p>\n","protected":false},"author":1,"featured_media":0,"parent":0,"menu_order":0,"comment_status":"closed","ping_status":"closed","template":"","meta":{"site-sidebar-layout":"no-sidebar","site-content-layout":"page-builder","ast-site-content-layout":"full-width-container","site-content-style":"default","site-sidebar-style":"default","ast-global-header-display":"","ast-banner-title-visibility":"","ast-main-header-display":"","ast-hfb-above-header-display":"","ast-hfb-below-header-display":"","ast-hfb-mobile-header-display":"","site-post-title":"disabled","ast-breadcrumbs-content":"","ast-featured-img":"disabled","footer-sml-layout":"","ast-disable-related-posts":"","theme-transparent-header-meta":"","adv-header-id-meta":"","stick-header-meta":"","header-above-stick-meta":"","header-main-stick-meta":"","header-below-stick-meta":"","astra-migrate-meta-layouts":"default","ast-page-background-enabled":"default","ast-page-background-meta":{"desktop":{"background-color":"var(--ast-global-color-4)","background-image":"","background-repeat":"repeat","background-position":"center center","background-size":"auto","background-attachment":"scroll","background-type":"","background-media":"","overlay-type":"","overlay-color":"","overlay-opacity":"","overlay-gradient":""},"tablet":{"background-color":"","background-image":"","background-repeat":"repeat","background-position":"center center","background-size":"auto","background-attachment":"scroll","background-type":"","background-media":"","overlay-type":"","overlay-color":"","overlay-opacity":"","overlay-gradient":""},"mobile":{"background-color":"","background-image":"","background-repeat":"repeat","background-position":"center center","background-size":"auto","background-attachment":"scroll","background-type":"","background-media":"","overlay-type":"","overlay-color":"","overlay-opacity":"","overlay-gradient":""}},"ast-content-background-meta":{"desktop":{"background-color":"var(--ast-global-color-5)","background-image":"","background-repeat":"repeat","background-position":"center center","background-size":"auto","background-attachment":"scroll","background-type":"","background-media":"","overlay-type":"","overlay-color":"","overlay-opacity":"","overlay-gradient":""},"tablet":{"background-color":"var(--ast-global-color-5)","background-image":"","background-repeat":"repeat","background-position":"center center","background-size":"auto","background-attachment":"scroll","background-type":"","background-media":"","overlay-type":"","overlay-color":"","overlay-opacity":"","overlay-gradient":""},"mobile":{"background-color":"var(--ast-global-color-5)","background-image":"","background-repeat":"repeat","background-position":"center center","background-size":"auto","background-attachment":"scroll","background-type":"","background-media":"","overlay-type":"","overlay-color":"","overlay-opacity":"","overlay-gradient":""}},"footnotes":""},"class_list":["post-9706","page","type-page","status-publish","hentry"],"_links":{"self":[{"href":"https:\/\/localhagiang.com\/fr\/wp-json\/wp\/v2\/pages\/9706","targetHints":{"allow":["GET"]}}],"collection":[{"href":"https:\/\/localhagiang.com\/fr\/wp-json\/wp\/v2\/pages"}],"about":[{"href":"https:\/\/localhagiang.com\/fr\/wp-json\/wp\/v2\/types\/page"}],"author":[{"embeddable":true,"href":"https:\/\/localhagiang.com\/fr\/wp-json\/wp\/v2\/users\/1"}],"replies":[{"embeddable":true,"href":"https:\/\/localhagiang.com\/fr\/wp-json\/wp\/v2\/comments?post=9706"}],"version-history":[{"count":1,"href":"https:\/\/localhagiang.com\/fr\/wp-json\/wp\/v2\/pages\/9706\/revisions"}],"predecessor-version":[{"id":9719,"href":"https:\/\/localhagiang.com\/fr\/wp-json\/wp\/v2\/pages\/9706\/revisions\/9719"}],"wp:attachment":[{"href":"https:\/\/localhagiang.com\/fr\/wp-json\/wp\/v2\/media?parent=9706"}],"curies":[{"name":"wp","href":"https:\/\/api.w.org\/{rel}","templated":true}]}}