{"id":9739,"date":"2024-05-10T04:26:07","date_gmt":"2024-05-10T04:26:07","guid":{"rendered":"https:\/\/localhagiang.com\/lista-di-controllo-da-portare\/"},"modified":"2024-05-10T04:47:36","modified_gmt":"2024-05-10T04:47:36","slug":"lista-di-controllo-da-portare","status":"publish","type":"page","link":"https:\/\/localhagiang.com\/it\/lista-di-controllo-da-portare\/","title":{"rendered":"Lista di controllo da portare"},"content":{"rendered":"\t\t<div data-elementor-type=\"wp-page\" data-elementor-id=\"9739\" class=\"elementor elementor-9739 elementor-9239\" data-elementor-post-type=\"page\">\n\t\t\t\t\t\t<section class=\"elementor-section elementor-top-section elementor-element elementor-element-99429c9 elementor-section-boxed elementor-section-height-default elementor-section-height-default\" data-id=\"99429c9\" data-element_type=\"section\" data-e-type=\"section\">\n\t\t\t\t\t\t<div class=\"elementor-container elementor-column-gap-default\">\n\t\t\t\t\t<div class=\"elementor-column elementor-col-50 elementor-top-column elementor-element elementor-element-13ba208\" data-id=\"13ba208\" data-element_type=\"column\" data-e-type=\"column\">\n\t\t\t<div class=\"elementor-widget-wrap elementor-element-populated\">\n\t\t\t\t\t\t<div class=\"elementor-element elementor-element-2b5c47e elementor-widget elementor-widget-heading\" data-id=\"2b5c47e\" data-element_type=\"widget\" data-e-type=\"widget\" data-widget_type=\"heading.default\">\n\t\t\t\t<div class=\"elementor-widget-container\">\n\t\t\t\t\t<h1 class=\"elementor-heading-title elementor-size-default\">Cosa portare e preparare<\/h1>\t\t\t\t<\/div>\n\t\t\t\t<\/div>\n\t\t\t\t<div class=\"elementor-element elementor-element-4f96431 elementor-widget elementor-widget-text-editor\" data-id=\"4f96431\" data-element_type=\"widget\" data-e-type=\"widget\" data-widget_type=\"text-editor.default\">\n\t\t\t\t<div class=\"elementor-widget-container\">\n\t\t\t\t\t\t\t\t\t<p>Preparati a un viaggio indimenticabile attraverso gli splendidi paesaggi di Ha Giang. Questa guida \u00e8 stata pensata per aiutarti a fare i bagagli e a prepararti in modo efficace, assicurandoti un&#8217;esperienza confortevole e arricchente durante il tuo tour.<\/p>\n\t\t\t\t\t\t\t\t<\/div>\n\t\t\t\t<\/div>\n\t\t\t\t<div class=\"elementor-element elementor-element-da90f22 elementor-widget elementor-widget-heading\" data-id=\"da90f22\" data-element_type=\"widget\" data-e-type=\"widget\" data-widget_type=\"heading.default\">\n\t\t\t\t<div class=\"elementor-widget-container\">\n\t\t\t\t\t<h2 class=\"elementor-heading-title elementor-size-default\">1. Preparazione dei bagagli<\/h2>\t\t\t\t<\/div>\n\t\t\t\t<\/div>\n\t\t\t\t<div class=\"elementor-element elementor-element-0b99f09 elementor-widget elementor-widget-heading\" data-id=\"0b99f09\" data-element_type=\"widget\" data-e-type=\"widget\" data-widget_type=\"heading.default\">\n\t\t\t\t<div class=\"elementor-widget-container\">\n\t\t\t\t\t<h3 class=\"elementor-heading-title elementor-size-default\">Tour in auto:<\/h3>\t\t\t\t<\/div>\n\t\t\t\t<\/div>\n\t\t\t\t<div class=\"elementor-element elementor-element-21abce0 elementor-widget elementor-widget-text-editor\" data-id=\"21abce0\" data-element_type=\"widget\" data-e-type=\"widget\" data-widget_type=\"text-editor.default\">\n\t\t\t\t<div class=\"elementor-widget-container\">\n\t\t\t\t\t\t\t\t\t<ul>\n<li>Sentiti libero di portare con te tutti i tuoi bagagli. In alternativa, puoi lasciarne un po&#8217; ad Ha Giang o ad Hanoi per comodit\u00e0.<\/li>\n<\/ul>\n\t\t\t\t\t\t\t\t<\/div>\n\t\t\t\t<\/div>\n\t\t\t\t<div class=\"elementor-element elementor-element-fd78286 elementor-widget elementor-widget-heading\" data-id=\"fd78286\" data-element_type=\"widget\" data-e-type=\"widget\" data-widget_type=\"heading.default\">\n\t\t\t\t<div class=\"elementor-widget-container\">\n\t\t\t\t\t<h3 class=\"elementor-heading-title elementor-size-default\">Tour in moto (Easy Rider):\n\n<\/h3>\t\t\t\t<\/div>\n\t\t\t\t<\/div>\n\t\t\t\t<div class=\"elementor-element elementor-element-63229e3 elementor-widget elementor-widget-text-editor\" data-id=\"63229e3\" data-element_type=\"widget\" data-e-type=\"widget\" data-widget_type=\"text-editor.default\">\n\t\t\t\t<div class=\"elementor-widget-container\">\n\t\t\t\t\t\t\t\t\t<ul>\n<li>Gli zaini e le valigie pi\u00f9 piccole possono essere fissati in modo sicuro alla moto.<\/li>\n<li>I bagagli di grandi dimensioni possono essere depositati nella nostra struttura di Ha Giang senza costi aggiuntivi.<\/li>\n<li>Tieni gli oggetti di uso quotidiano in un piccolo zaino o in una borsa per accedervi facilmente durante la giornata.<\/li>\n<\/ul>\n\t\t\t\t\t\t\t\t<\/div>\n\t\t\t\t<\/div>\n\t\t\t\t<div class=\"elementor-element elementor-element-6c6c55f elementor-widget elementor-widget-heading\" data-id=\"6c6c55f\" data-element_type=\"widget\" data-e-type=\"widget\" data-widget_type=\"heading.default\">\n\t\t\t\t<div class=\"elementor-widget-container\">\n\t\t\t\t\t<h2 class=\"elementor-heading-title elementor-size-default\">2. Suggerimenti essenziali<\/h2>\t\t\t\t<\/div>\n\t\t\t\t<\/div>\n\t\t\t\t<div class=\"elementor-element elementor-element-528122d elementor-widget elementor-widget-heading\" data-id=\"528122d\" data-element_type=\"widget\" data-e-type=\"widget\" data-widget_type=\"heading.default\">\n\t\t\t\t<div class=\"elementor-widget-container\">\n\t\t\t\t\t<h3 class=\"elementor-heading-title elementor-size-default\">WiFi e Internet:\n\n<\/h3>\t\t\t\t<\/div>\n\t\t\t\t<\/div>\n\t\t\t\t<div class=\"elementor-element elementor-element-abeb2cf elementor-widget elementor-widget-text-editor\" data-id=\"abeb2cf\" data-element_type=\"widget\" data-e-type=\"widget\" data-widget_type=\"text-editor.default\">\n\t\t\t\t<div class=\"elementor-widget-container\">\n\t\t\t\t\t\t\t\t\t<ul>\n<li>Il WiFi \u00e8 disponibile in tutte le sistemazioni standard, a meno che tu non scelga un Homestay molto semplice. Le nostre guide si occupano della navigazione e della comunicazione, rendendo superfluo l&#8217;accesso costante a internet. Tuttavia, l&#8217;acquisto di una SIM locale ad Hanoi, preferibilmente di Viettel, \u00e8 consigliato a chi desidera una connettivit\u00e0 continua.<\/li>\n<\/ul>\n\t\t\t\t\t\t\t\t<\/div>\n\t\t\t\t<\/div>\n\t\t\t\t<div class=\"elementor-element elementor-element-3c51ca7 elementor-widget elementor-widget-heading\" data-id=\"3c51ca7\" data-element_type=\"widget\" data-e-type=\"widget\" data-widget_type=\"heading.default\">\n\t\t\t\t<div class=\"elementor-widget-container\">\n\t\t\t\t\t<h3 class=\"elementor-heading-title elementor-size-default\">Dispositivi di ricarica:\n\n<\/h3>\t\t\t\t<\/div>\n\t\t\t\t<\/div>\n\t\t\t\t<div class=\"elementor-element elementor-element-1ef2f96 elementor-widget elementor-widget-text-editor\" data-id=\"1ef2f96\" data-element_type=\"widget\" data-e-type=\"widget\" data-widget_type=\"text-editor.default\">\n\t\t\t\t<div class=\"elementor-widget-container\">\n\t\t\t\t\t\t\t\t\t<ul>\n<li>Carica macchine fotografiche, telefoni e altri dispositivi ogni notte presso il tuo alloggio. Tutte le camere sono dotate di prese di corrente compatibili con le spine a due poli, sia piatte che rotonde. Verifica se hai bisogno di un adattatore per i tuoi dispositivi.<\/li>\n<\/ul>\n\t\t\t\t\t\t\t\t<\/div>\n\t\t\t\t<\/div>\n\t\t\t\t<div class=\"elementor-element elementor-element-67c22b5 elementor-widget elementor-widget-heading\" data-id=\"67c22b5\" data-element_type=\"widget\" data-e-type=\"widget\" data-widget_type=\"heading.default\">\n\t\t\t\t<div class=\"elementor-widget-container\">\n\t\t\t\t\t<h3 class=\"elementor-heading-title elementor-size-default\">Conferme di prenotazione:\n\n<\/h3>\t\t\t\t<\/div>\n\t\t\t\t<\/div>\n\t\t\t\t<div class=\"elementor-element elementor-element-65053d0 elementor-widget elementor-widget-text-editor\" data-id=\"65053d0\" data-element_type=\"widget\" data-e-type=\"widget\" data-widget_type=\"text-editor.default\">\n\t\t\t\t<div class=\"elementor-widget-container\">\n\t\t\t\t\t\t\t\t\t<ul>\n<li>In linea con il nostro impegno per la sostenibilit\u00e0, non richiediamo voucher stampati o conferme di prenotazione. Tutte le informazioni necessarie vengono comunicate direttamente alle nostre guide e alle strutture ricettive.<\/li>\n<\/ul>\n\t\t\t\t\t\t\t\t<\/div>\n\t\t\t\t<\/div>\n\t\t\t\t<div class=\"elementor-element elementor-element-c6f3571 elementor-widget elementor-widget-heading\" data-id=\"c6f3571\" data-element_type=\"widget\" data-e-type=\"widget\" data-widget_type=\"heading.default\">\n\t\t\t\t<div class=\"elementor-widget-container\">\n\t\t\t\t\t<h3 class=\"elementor-heading-title elementor-size-default\">Contanti:<\/h3>\t\t\t\t<\/div>\n\t\t\t\t<\/div>\n\t\t\t\t<div class=\"elementor-element elementor-element-6114f48 elementor-widget elementor-widget-text-editor\" data-id=\"6114f48\" data-element_type=\"widget\" data-e-type=\"widget\" data-widget_type=\"text-editor.default\">\n\t\t\t\t<div class=\"elementor-widget-container\">\n\t\t\t\t\t\t\t\t\t<ul>\n<li>Sebbene il tour includa i pasti, l&#8217;alloggio e i servizi essenziali, \u00e8 consigliabile portare con s\u00e9 del denaro contante per i piccoli acquisti personali come snack e bevande. Le carte di credito sono poche e gli sportelli bancomat sono rari lungo il Loop.<\/li>\n<\/ul>\n\t\t\t\t\t\t\t\t<\/div>\n\t\t\t\t<\/div>\n\t\t\t\t<div class=\"elementor-element elementor-element-15a1744 elementor-widget elementor-widget-heading\" data-id=\"15a1744\" data-element_type=\"widget\" data-e-type=\"widget\" data-widget_type=\"heading.default\">\n\t\t\t\t<div class=\"elementor-widget-container\">\n\t\t\t\t\t<h3 class=\"elementor-heading-title elementor-size-default\">Mancia:<\/h3>\t\t\t\t<\/div>\n\t\t\t\t<\/div>\n\t\t\t\t<div class=\"elementor-element elementor-element-5c155c2 elementor-widget elementor-widget-text-editor\" data-id=\"5c155c2\" data-element_type=\"widget\" data-e-type=\"widget\" data-widget_type=\"text-editor.default\">\n\t\t\t\t<div class=\"elementor-widget-container\">\n\t\t\t\t\t\t\t\t\t<ul>\n<li>La mancia \u00e8 del tutto facoltativa e non \u00e8 una pratica standard nella cultura vietnamita. Tuttavia, se sei soddisfatto del servizio, le mance sono molto apprezzate:\n<ul>\n<li>Guida per 1 giorno: 200.000 VND<\/li>\n<li>Guida di 3+ giorni: 500.000 VND<\/li>\n<\/ul>\n<\/li>\n<\/ul>\n\t\t\t\t\t\t\t\t<\/div>\n\t\t\t\t<\/div>\n\t\t\t\t<div class=\"elementor-element elementor-element-f251594 elementor-widget elementor-widget-heading\" data-id=\"f251594\" data-element_type=\"widget\" data-e-type=\"widget\" data-widget_type=\"heading.default\">\n\t\t\t\t<div class=\"elementor-widget-container\">\n\t\t\t\t\t<h3 class=\"elementor-heading-title elementor-size-default\">Cibo:<\/h3>\t\t\t\t<\/div>\n\t\t\t\t<\/div>\n\t\t\t\t<div class=\"elementor-element elementor-element-f567422 elementor-widget elementor-widget-text-editor\" data-id=\"f567422\" data-element_type=\"widget\" data-e-type=\"widget\" data-widget_type=\"text-editor.default\">\n\t\t\t\t<div class=\"elementor-widget-container\">\n\t\t\t\t\t\t\t\t\t<p>Tutti i pasti sono compresi nel pacchetto del tour. Ti preghiamo di informarci in anticipo su eventuali restrizioni dietetiche o allergie in modo da poter soddisfare le tue esigenze. Le soste giornaliere in citt\u00e0 come Ha Giang, Dong Van e Meo Vac sono l&#8217;ideale per fare uno spuntino.<\/p>\n\t\t\t\t\t\t\t\t<\/div>\n\t\t\t\t<\/div>\n\t\t\t\t<div class=\"elementor-element elementor-element-5b90744 elementor-widget elementor-widget-heading\" data-id=\"5b90744\" data-element_type=\"widget\" data-e-type=\"widget\" data-widget_type=\"heading.default\">\n\t\t\t\t<div class=\"elementor-widget-container\">\n\t\t\t\t\t<h3 class=\"elementor-heading-title elementor-size-default\">Attrezzatura di sicurezza:<\/h3>\t\t\t\t<\/div>\n\t\t\t\t<\/div>\n\t\t\t\t<div class=\"elementor-element elementor-element-88fea43 elementor-widget elementor-widget-text-editor\" data-id=\"88fea43\" data-element_type=\"widget\" data-e-type=\"widget\" data-widget_type=\"text-editor.default\">\n\t\t\t\t<div class=\"elementor-widget-container\">\n\t\t\t\t\t\t\t\t\t<p>Per la tua protezione (quando fai il tour in moto), forniamo caschi obbligatori e protezioni aggiuntive per braccia e gambe senza alcun costo aggiuntivo.<\/p>\n\t\t\t\t\t\t\t\t<\/div>\n\t\t\t\t<\/div>\n\t\t\t\t<div class=\"elementor-element elementor-element-c5f6b8b elementor-widget elementor-widget-heading\" data-id=\"c5f6b8b\" data-element_type=\"widget\" data-e-type=\"widget\" data-widget_type=\"heading.default\">\n\t\t\t\t<div class=\"elementor-widget-container\">\n\t\t\t\t\t<h2 class=\"elementor-heading-title elementor-size-default\">3. Cosa indossare<\/h2>\t\t\t\t<\/div>\n\t\t\t\t<\/div>\n\t\t\t\t<div class=\"elementor-element elementor-element-af3f8f0 elementor-widget elementor-widget-text-editor\" data-id=\"af3f8f0\" data-element_type=\"widget\" data-e-type=\"widget\" data-widget_type=\"text-editor.default\">\n\t\t\t\t<div class=\"elementor-widget-container\">\n\t\t\t\t\t\t\t\t\t<ul>\n<li><strong>Strati:<\/strong> Ad Ha Giang le condizioni climatiche possono cambiare rapidamente: dal caldo nelle valli soleggiate al fresco nelle zone montuose elevate, dall&#8217;ambiente secco a quello umido man mano che si attraversano i diversi terreni. Indossare degli strati ti permette di adattarti facilmente e di mantenere il comfort per tutta la durata del viaggio, indipendentemente dai cambiamenti climatici.<\/li>\n<li><strong>Giacca a vento:<\/strong> Una giacca leggera che protegga sia dal vento che dalla pioggia \u00e8 essenziale, anche nelle giornate pi\u00f9 calde, quando le alte quote possono portare un clima pi\u00f9 fresco.<\/li>\n<li><strong>Abbigliamento:<\/strong> assicurati di avere un abbigliamento adeguato al clima e alle attivit\u00e0 previste, come brevi escursioni a piedi o in bicicletta.<\/li>\n<li><strong>Scarpe:<\/strong> Si consigliano scarpe comode per camminare. Anche se le lunghe escursioni non fanno parte dell&#8217;itinerario, il tour prevede passeggiate nei villaggi e nei mercati locali.<\/li>\n<li><strong>Protezione solare:<\/strong> Ti consigliamo di portare con te una crema solare, occhiali da sole e un cappello per proteggerti dal sole forte, soprattutto alle alte quote.<\/li>\n<\/ul>\n\t\t\t\t\t\t\t\t<\/div>\n\t\t\t\t<\/div>\n\t\t\t\t<div class=\"elementor-element elementor-element-50ff275 elementor-widget elementor-widget-heading\" data-id=\"50ff275\" data-element_type=\"widget\" data-e-type=\"widget\" data-widget_type=\"heading.default\">\n\t\t\t\t<div class=\"elementor-widget-container\">\n\t\t\t\t\t<h2 class=\"elementor-heading-title elementor-size-default\">4. Altri articoli essenziali\n<\/h2>\t\t\t\t<\/div>\n\t\t\t\t<\/div>\n\t\t\t\t<div class=\"elementor-element elementor-element-da7cd06 elementor-widget elementor-widget-heading\" data-id=\"da7cd06\" data-element_type=\"widget\" data-e-type=\"widget\" data-widget_type=\"heading.default\">\n\t\t\t\t<div class=\"elementor-widget-container\">\n\t\t\t\t\t<h3 class=\"elementor-heading-title elementor-size-default\">Documenti:<\/h3>\t\t\t\t<\/div>\n\t\t\t\t<\/div>\n\t\t\t\t<div class=\"elementor-element elementor-element-d933aea elementor-widget elementor-widget-text-editor\" data-id=\"d933aea\" data-element_type=\"widget\" data-e-type=\"widget\" data-widget_type=\"text-editor.default\">\n\t\t\t\t<div class=\"elementor-widget-container\">\n\t\t\t\t\t\t\t\t\t<ul>\n<li>Porta sempre con te il passaporto in una custodia impermeabile. \u00c8 richiesta per la registrazione degli alloggi e necessaria per i tour in moto per garantire la sicurezza di tutta la documentazione.<\/li>\n<\/ul>\n\t\t\t\t\t\t\t\t<\/div>\n\t\t\t\t<\/div>\n\t\t\t\t<div class=\"elementor-element elementor-element-9538721 elementor-widget elementor-widget-heading\" data-id=\"9538721\" data-element_type=\"widget\" data-e-type=\"widget\" data-widget_type=\"heading.default\">\n\t\t\t\t<div class=\"elementor-widget-container\">\n\t\t\t\t\t<h3 class=\"elementor-heading-title elementor-size-default\">Elettronica:<\/h3>\t\t\t\t<\/div>\n\t\t\t\t<\/div>\n\t\t\t\t<div class=\"elementor-element elementor-element-4549a15 elementor-widget elementor-widget-text-editor\" data-id=\"4549a15\" data-element_type=\"widget\" data-e-type=\"widget\" data-widget_type=\"text-editor.default\">\n\t\t\t\t<div class=\"elementor-widget-container\">\n\t\t\t\t\t\t\t\t\t<ul>\n<li>Tieni a portata di mano la tua macchina fotografica; il percorso offre innumerevoli opportunit\u00e0 di foto improvvisate. Proteggilo con una custodia o una borsa impermeabile.<\/li>\n<li>Prendi in considerazione l&#8217;idea di portare con te delle batterie di riserva, dato che le opzioni di ricarica sono disponibili solo durante la notte. Controlla se hai bisogno di un adattatore di corrente per le prese vietnamite.<\/li>\n<\/ul>\n\t\t\t\t\t\t\t\t<\/div>\n\t\t\t\t<\/div>\n\t\t\t\t<div class=\"elementor-element elementor-element-cdd10e7 elementor-widget elementor-widget-heading\" data-id=\"cdd10e7\" data-element_type=\"widget\" data-e-type=\"widget\" data-widget_type=\"heading.default\">\n\t\t\t\t<div class=\"elementor-widget-container\">\n\t\t\t\t\t<h3 class=\"elementor-heading-title elementor-size-default\">Farmaci<\/h3>\t\t\t\t<\/div>\n\t\t\t\t<\/div>\n\t\t\t\t<div class=\"elementor-element elementor-element-03f5097 elementor-widget elementor-widget-text-editor\" data-id=\"03f5097\" data-element_type=\"widget\" data-e-type=\"widget\" data-widget_type=\"text-editor.default\">\n\t\t\t\t<div class=\"elementor-widget-container\">\n\t\t\t\t\t\t\t\t\t<ul>\n<li><strong>Farmaci<\/strong>: Porta con te eventuali farmaci personali in quantit\u00e0 sufficiente per l&#8217;intero viaggio.<\/li>\n<li><strong>Repellente per insetti:<\/strong> \u00c8 particolarmente importante durante la stagione delle piogge per proteggersi dalle zanzare.<\/li>\n<\/ul>\n\t\t\t\t\t\t\t\t<\/div>\n\t\t\t\t<\/div>\n\t\t\t\t\t<\/div>\n\t\t<\/div>\n\t\t\t\t<div class=\"elementor-column elementor-col-50 elementor-top-column elementor-element elementor-element-84d2c81\" data-id=\"84d2c81\" data-element_type=\"column\" data-e-type=\"column\">\n\t\t\t<div class=\"elementor-widget-wrap elementor-element-populated\">\n\t\t\t\t\t\t<div class=\"elementor-element elementor-element-8ec747d elementor-toc--minimized-on-tablet elementor-widget elementor-widget-table-of-contents\" data-id=\"8ec747d\" data-element_type=\"widget\" data-e-type=\"widget\" data-settings=\"{&quot;headings_by_tags&quot;:[&quot;h2&quot;],&quot;exclude_headings_by_selector&quot;:[],&quot;marker_view&quot;:&quot;bullets&quot;,&quot;icon&quot;:{&quot;value&quot;:&quot;fas fa-angle-right&quot;,&quot;library&quot;:&quot;fa-solid&quot;},&quot;sticky&quot;:&quot;top&quot;,&quot;sticky_offset&quot;:100,&quot;sticky_parent&quot;:&quot;yes&quot;,&quot;no_headings_message&quot;:&quot;Non sono state trovate intestazioni in questa pagina.&quot;,&quot;minimize_box&quot;:&quot;yes&quot;,&quot;minimized_on&quot;:&quot;tablet&quot;,&quot;hierarchical_view&quot;:&quot;yes&quot;,&quot;min_height&quot;:{&quot;unit&quot;:&quot;px&quot;,&quot;size&quot;:&quot;&quot;,&quot;sizes&quot;:[]},&quot;min_height_tablet&quot;:{&quot;unit&quot;:&quot;px&quot;,&quot;size&quot;:&quot;&quot;,&quot;sizes&quot;:[]},&quot;min_height_mobile&quot;:{&quot;unit&quot;:&quot;px&quot;,&quot;size&quot;:&quot;&quot;,&quot;sizes&quot;:[]},&quot;sticky_on&quot;:[&quot;desktop&quot;,&quot;tablet&quot;,&quot;mobile&quot;],&quot;sticky_effects_offset&quot;:0,&quot;sticky_anchor_link_offset&quot;:0}\" data-widget_type=\"table-of-contents.default\">\n\t\t\t\t<div class=\"elementor-widget-container\">\n\t\t\t\t\t\t\t\t\t<div class=\"elementor-toc__header\">\n\t\t\t\t\t\t<h4 class=\"elementor-toc__header-title\">\n\t\t\t\tIndice dei contenuti\t\t\t<\/h4>\n\t\t\t\t\t\t\t\t\t\t<div class=\"elementor-toc__toggle-button elementor-toc__toggle-button--expand\" role=\"button\" tabindex=\"0\" aria-controls=\"elementor-toc__8ec747d\" aria-expanded=\"true\" aria-label=\"Apri l&#039;indice dei contenuti\"><i aria-hidden=\"true\" class=\"fas fa-chevron-down\"><\/i><\/div>\n\t\t\t\t<div class=\"elementor-toc__toggle-button elementor-toc__toggle-button--collapse\" role=\"button\" tabindex=\"0\" aria-controls=\"elementor-toc__8ec747d\" aria-expanded=\"true\" aria-label=\"Chiudi l&#039;indice dei contenuti\"><i aria-hidden=\"true\" class=\"fas fa-chevron-up\"><\/i><\/div>\n\t\t\t\t\t<\/div>\n\t\t\t\t<div id=\"elementor-toc__8ec747d\" class=\"elementor-toc__body\">\n\t\t\t<div class=\"elementor-toc__spinner-container\">\n\t\t\t\t<i class=\"elementor-toc__spinner eicon-animation-spin eicon-loading\" aria-hidden=\"true\"><\/i>\t\t\t<\/div>\n\t\t<\/div>\n\t\t\t\t\t\t<\/div>\n\t\t\t\t<\/div>\n\t\t\t\t\t<\/div>\n\t\t<\/div>\n\t\t\t\t\t<\/div>\n\t\t<\/section>\n\t\t\t\t<\/div>\n\t\t","protected":false},"excerpt":{"rendered":"<p>Cosa portare e preparare Preparati a un viaggio indimenticabile attraverso gli splendidi paesaggi di Ha Giang. Questa guida \u00e8 stata pensata per aiutarti a fare i bagagli e a prepararti in modo efficace, assicurandoti un&#8217;esperienza confortevole e arricchente durante il tuo tour. 1. Preparazione dei bagagli Tour in auto: Sentiti libero di portare con te [&hellip;]<\/p>\n","protected":false},"author":1,"featured_media":0,"parent":0,"menu_order":0,"comment_status":"closed","ping_status":"closed","template":"","meta":{"site-sidebar-layout":"no-sidebar","site-content-layout":"page-builder","ast-site-content-layout":"full-width-container","site-content-style":"default","site-sidebar-style":"default","ast-global-header-display":"","ast-banner-title-visibility":"","ast-main-header-display":"","ast-hfb-above-header-display":"","ast-hfb-below-header-display":"","ast-hfb-mobile-header-display":"","site-post-title":"disabled","ast-breadcrumbs-content":"","ast-featured-img":"disabled","footer-sml-layout":"","ast-disable-related-posts":"","theme-transparent-header-meta":"","adv-header-id-meta":"","stick-header-meta":"","header-above-stick-meta":"","header-main-stick-meta":"","header-below-stick-meta":"","astra-migrate-meta-layouts":"default","ast-page-background-enabled":"default","ast-page-background-meta":{"desktop":{"background-color":"var(--ast-global-color-4)","background-image":"","background-repeat":"repeat","background-position":"center center","background-size":"auto","background-attachment":"scroll","background-type":"","background-media":"","overlay-type":"","overlay-color":"","overlay-opacity":"","overlay-gradient":""},"tablet":{"background-color":"","background-image":"","background-repeat":"repeat","background-position":"center center","background-size":"auto","background-attachment":"scroll","background-type":"","background-media":"","overlay-type":"","overlay-color":"","overlay-opacity":"","overlay-gradient":""},"mobile":{"background-color":"","background-image":"","background-repeat":"repeat","background-position":"center center","background-size":"auto","background-attachment":"scroll","background-type":"","background-media":"","overlay-type":"","overlay-color":"","overlay-opacity":"","overlay-gradient":""}},"ast-content-background-meta":{"desktop":{"background-color":"var(--ast-global-color-5)","background-image":"","background-repeat":"repeat","background-position":"center center","background-size":"auto","background-attachment":"scroll","background-type":"","background-media":"","overlay-type":"","overlay-color":"","overlay-opacity":"","overlay-gradient":""},"tablet":{"background-color":"var(--ast-global-color-5)","background-image":"","background-repeat":"repeat","background-position":"center center","background-size":"auto","background-attachment":"scroll","background-type":"","background-media":"","overlay-type":"","overlay-color":"","overlay-opacity":"","overlay-gradient":""},"mobile":{"background-color":"var(--ast-global-color-5)","background-image":"","background-repeat":"repeat","background-position":"center center","background-size":"auto","background-attachment":"scroll","background-type":"","background-media":"","overlay-type":"","overlay-color":"","overlay-opacity":"","overlay-gradient":""}},"footnotes":""},"class_list":["post-9739","page","type-page","status-publish","hentry"],"_links":{"self":[{"href":"https:\/\/localhagiang.com\/it\/wp-json\/wp\/v2\/pages\/9739","targetHints":{"allow":["GET"]}}],"collection":[{"href":"https:\/\/localhagiang.com\/it\/wp-json\/wp\/v2\/pages"}],"about":[{"href":"https:\/\/localhagiang.com\/it\/wp-json\/wp\/v2\/types\/page"}],"author":[{"embeddable":true,"href":"https:\/\/localhagiang.com\/it\/wp-json\/wp\/v2\/users\/1"}],"replies":[{"embeddable":true,"href":"https:\/\/localhagiang.com\/it\/wp-json\/wp\/v2\/comments?post=9739"}],"version-history":[{"count":1,"href":"https:\/\/localhagiang.com\/it\/wp-json\/wp\/v2\/pages\/9739\/revisions"}],"predecessor-version":[{"id":9747,"href":"https:\/\/localhagiang.com\/it\/wp-json\/wp\/v2\/pages\/9739\/revisions\/9747"}],"wp:attachment":[{"href":"https:\/\/localhagiang.com\/it\/wp-json\/wp\/v2\/media?parent=9739"}],"curies":[{"name":"wp","href":"https:\/\/api.w.org\/{rel}","templated":true}]}}